{"id":1984,"date":"2025-08-03T16:05:27","date_gmt":"2025-08-03T14:05:27","guid":{"rendered":"https:\/\/silkem.si\/where-we-are\/"},"modified":"2025-12-05T12:35:44","modified_gmt":"2025-12-05T11:35:44","slug":"kje-smo","status":"publish","type":"page","link":"https:\/\/silkem.si\/sl\/kje-smo\/","title":{"rendered":"Kje smo"},"content":{"rendered":"\t\t<div data-elementor-type=\"wp-page\" data-elementor-id=\"1984\" class=\"elementor elementor-1984 elementor-1075\">\n\t\t\t\t\t\t<section class=\"elementor-section elementor-top-section elementor-element elementor-element-a1a067a elementor-section-stretched ts-col-stretched-none ts-bg-color-over-image elementor-section-boxed elementor-section-height-default elementor-section-height-default\" data-id=\"a1a067a\" data-element_type=\"section\" data-e-type=\"section\" data-settings=\"{&quot;stretch_section&quot;:&quot;section-stretched&quot;}\">\n\t\t\t\t\t\t<div class=\"elementor-container elementor-column-gap-no\">\n\t\t\t\t\t<div class=\"elementor-column elementor-col-100 elementor-top-column elementor-element elementor-element-b7c3221 ts-bg-color-over-image\" data-id=\"b7c3221\" data-element_type=\"column\" data-e-type=\"column\">\n\t\t\t<div class=\"elementor-widget-wrap elementor-element-populated\">\n\t\t\t\t\t\t<div class=\"elementor-element elementor-element-f8787fd ts-align-left elementor-widget elementor-widget-ts_heading\" data-id=\"f8787fd\" data-element_type=\"widget\" data-e-type=\"widget\" data-widget_type=\"ts_heading.default\">\n\t\t\t\t<div class=\"elementor-widget-container\">\n\t\t\t\t\t\t<div class=\"ts-heading-subheading ts-reverse-heading-yes animation-style4\"><div class=\"ts-heading-desc\">Dru\u017eba Silkem se nahaja znotraj industrijskega kompleksa IC Kidri\u010devo v Kidri\u010devem, Slovenija.<\/div><\/div>\t\t\t\t<\/div>\n\t\t\t\t<\/div>\n\t\t\t\t\t<\/div>\n\t\t<\/div>\n\t\t\t\t\t<\/div>\n\t\t<\/section>\n\t\t\t\t<section class=\"elementor-section elementor-top-section elementor-element elementor-element-45eef65 elementor-section-stretched ts-col-stretched-none ts-bg-color-over-image elementor-section-boxed elementor-section-height-default elementor-section-height-default\" data-id=\"45eef65\" data-element_type=\"section\" data-e-type=\"section\" id=\"history\" data-settings=\"{&quot;stretch_section&quot;:&quot;section-stretched&quot;}\">\n\t\t\t\t\t\t<div class=\"elementor-container elementor-column-gap-no\">\n\t\t\t\t\t<div class=\"elementor-column elementor-col-100 elementor-top-column elementor-element elementor-element-86d7afa ts-bg-color-over-image\" data-id=\"86d7afa\" data-element_type=\"column\" data-e-type=\"column\">\n\t\t\t<div class=\"elementor-widget-wrap elementor-element-populated\">\n\t\t\t\t\t\t<div class=\"elementor-element elementor-element-45a4ca4 elementor-widget__width-initial ts-align-left elementor-widget elementor-widget-ts_heading\" data-id=\"45a4ca4\" data-element_type=\"widget\" data-e-type=\"widget\" data-widget_type=\"ts_heading.default\">\n\t\t\t\t<div class=\"elementor-widget-container\">\n\t\t\t\t\t\t<div class=\"ts-heading-subheading ts-reverse-heading-yes animation-style4\"><h2 class=\"ts-custom-heading ts-custom-heading-title\">\r\n\t\t\t\r\n\t\t\t\tNavodila\r\n\t\t\t\r\n\t\t\t<\/h2>\r\n\t\t<\/div>\t\t\t\t<\/div>\n\t\t\t\t<\/div>\n\t\t\t\t<div class=\"elementor-element elementor-element-e0ca664 elementor-widget elementor-widget-text-editor\" data-id=\"e0ca664\" data-element_type=\"widget\" data-e-type=\"widget\" data-widget_type=\"text-editor.default\">\n\t\t\t\t<div class=\"elementor-widget-container\">\n\t\t\t\t\t\t\t\t\t<p><strong>Iz LJUBLJANE do Kidri\u010devega<\/strong><\/p>\t\t\t\t\t\t\t\t<\/div>\n\t\t\t\t<\/div>\n\t\t\t\t<div class=\"elementor-element elementor-element-0d1e6d5 elementor-icon-list--layout-traditional elementor-list-item-link-full_width elementor-widget elementor-widget-icon-list\" data-id=\"0d1e6d5\" data-element_type=\"widget\" data-e-type=\"widget\" data-widget_type=\"icon-list.default\">\n\t\t\t\t<div class=\"elementor-widget-container\">\n\t\t\t\t\t\t\t<ul class=\"elementor-icon-list-items\">\n\t\t\t\t\t\t\t<li class=\"elementor-icon-list-item\">\n\t\t\t\t\t\t\t\t\t\t\t<span class=\"elementor-icon-list-icon\">\n\t\t\t\t\t\t\t<i aria-hidden=\"true\" class=\"fas fa-map-marker-alt\"><\/i>\t\t\t\t\t\t<\/span>\n\t\t\t\t\t\t\t\t\t\t<span class=\"elementor-icon-list-text\">Ljubljana (A1 \/ E57) - razcep Slivnica - smer Ptuj (A4 \/ E59) - izvoz Hajdina - levi izhod Kidri\u010devo (za tovornjake - desno, zaradi vi\u0161ine mostu)<\/span>\n\t\t\t\t\t\t\t\t\t<\/li>\n\t\t\t\t\t\t\t\t<li class=\"elementor-icon-list-item\">\n\t\t\t\t\t\t\t\t\t\t\t<span class=\"elementor-icon-list-icon\">\n\t\t\t\t\t\t\t<i aria-hidden=\"true\" class=\"fas fa-plane\"><\/i>\t\t\t\t\t\t<\/span>\n\t\t\t\t\t\t\t\t\t\t<span class=\"elementor-icon-list-text\">Aerodrom Ljubljana, Brnik (SLO) (150 km) Najbolj primeren dostop do letali\u0161\u010da iz Ljubljane je avtocesta E61; sledite navodilom za Brnik, ki so jasno ozna\u010dena Letali\u0161\u010de je 26 km severno od centra Ljubljane.<\/span>\n\t\t\t\t\t\t\t\t\t<\/li>\n\t\t\t\t\t\t<\/ul>\n\t\t\t\t\t\t<\/div>\n\t\t\t\t<\/div>\n\t\t\t\t<div class=\"elementor-element elementor-element-00c6b3e elementor-widget elementor-widget-text-editor\" data-id=\"00c6b3e\" data-element_type=\"widget\" data-e-type=\"widget\" data-widget_type=\"text-editor.default\">\n\t\t\t\t<div class=\"elementor-widget-container\">\n\t\t\t\t\t\t\t\t\t<p><strong>Iz AVSTRIJE &#8211; mejni prehod \u0160entilj (Spielfield (AT))<\/strong><\/p>\t\t\t\t\t\t\t\t<\/div>\n\t\t\t\t<\/div>\n\t\t\t\t<div class=\"elementor-element elementor-element-96bf252 elementor-icon-list--layout-traditional elementor-list-item-link-full_width elementor-widget elementor-widget-icon-list\" data-id=\"96bf252\" data-element_type=\"widget\" data-e-type=\"widget\" data-widget_type=\"icon-list.default\">\n\t\t\t\t<div class=\"elementor-widget-container\">\n\t\t\t\t\t\t\t<ul class=\"elementor-icon-list-items\">\n\t\t\t\t\t\t\t<li class=\"elementor-icon-list-item\">\n\t\t\t\t\t\t\t\t\t\t\t<span class=\"elementor-icon-list-icon\">\n\t\t\t\t\t\t\t<i aria-hidden=\"true\" class=\"fas fa-map-marker-alt\"><\/i>\t\t\t\t\t\t<\/span>\n\t\t\t\t\t\t\t\t\t\t<span class=\"elementor-icon-list-text\">Dunaj (A2 \/ E60 \/ E59) (AT) - Gradec (A9 \/ E57 \/ E59) (AT) - Spielfield (AT) - \u0160entilj (A1 \/ E57 \/ E59) - razcep Slivnica - smer Ptuj (A4 \/ E59 ) - izhod Hajdina - levo na kri\u017ei\u0161\u010du Kidri\u010devo (za tovornjake - desno, zaradi vi\u0161ine mostu)<\/span>\n\t\t\t\t\t\t\t\t\t<\/li>\n\t\t\t\t\t\t\t\t<li class=\"elementor-icon-list-item\">\n\t\t\t\t\t\t\t\t\t\t\t<span class=\"elementor-icon-list-icon\">\n\t\t\t\t\t\t\t<i aria-hidden=\"true\" class=\"fas fa-plane\"><\/i>\t\t\t\t\t\t<\/span>\n\t\t\t\t\t\t\t\t\t\t<span class=\"elementor-icon-list-text\">Gradec (AT) (90 km)<\/span>\n\t\t\t\t\t\t\t\t\t<\/li>\n\t\t\t\t\t\t<\/ul>\n\t\t\t\t\t\t<\/div>\n\t\t\t\t<\/div>\n\t\t\t\t<div class=\"elementor-element elementor-element-bfbeeda elementor-widget elementor-widget-text-editor\" data-id=\"bfbeeda\" data-element_type=\"widget\" data-e-type=\"widget\" data-widget_type=\"text-editor.default\">\n\t\t\t\t<div class=\"elementor-widget-container\">\n\t\t\t\t\t\t\t\t\t<strong>Iz HRVA\u0160KE \u2013 mejni prehod Gru\u0161kovje (HR)<\/strong>\t\t\t\t\t\t\t\t<\/div>\n\t\t\t\t<\/div>\n\t\t\t\t<div class=\"elementor-element elementor-element-9945e3d elementor-icon-list--layout-traditional elementor-list-item-link-full_width elementor-widget elementor-widget-icon-list\" data-id=\"9945e3d\" data-element_type=\"widget\" data-e-type=\"widget\" data-widget_type=\"icon-list.default\">\n\t\t\t\t<div class=\"elementor-widget-container\">\n\t\t\t\t\t\t\t<ul class=\"elementor-icon-list-items\">\n\t\t\t\t\t\t\t<li class=\"elementor-icon-list-item\">\n\t\t\t\t\t\t\t\t\t\t\t<span class=\"elementor-icon-list-icon\">\n\t\t\t\t\t\t\t<i aria-hidden=\"true\" class=\"fas fa-map-marker-alt\"><\/i>\t\t\t\t\t\t<\/span>\n\t\t\t\t\t\t\t\t\t\t<span class=\"elementor-icon-list-text\">Zagreb (HR) \u2013 Krapina (1\/E59) (HR) \u2013 Gru\u0161kovje (E59) (SLO) \u2013 Dra\u017eenci (A4\/E59) \u2013 izvoz Hajdina \u2013 levo za Kidri\u010devo (za tovornjake - desno, zaradi vi\u0161ine mostu)<\/span>\n\t\t\t\t\t\t\t\t\t<\/li>\n\t\t\t\t\t\t\t\t<li class=\"elementor-icon-list-item\">\n\t\t\t\t\t\t\t\t\t\t\t<span class=\"elementor-icon-list-icon\">\n\t\t\t\t\t\t\t<i aria-hidden=\"true\" class=\"fas fa-plane\"><\/i>\t\t\t\t\t\t<\/span>\n\t\t\t\t\t\t\t\t\t\t<span class=\"elementor-icon-list-text\">Zagreb (HR) (93 km)<\/span>\n\t\t\t\t\t\t\t\t\t<\/li>\n\t\t\t\t\t\t<\/ul>\n\t\t\t\t\t\t<\/div>\n\t\t\t\t<\/div>\n\t\t\t\t<div class=\"elementor-element elementor-element-8cb164e elementor-widget elementor-widget-text-editor\" data-id=\"8cb164e\" data-element_type=\"widget\" data-e-type=\"widget\" data-widget_type=\"text-editor.default\">\n\t\t\t\t<div class=\"elementor-widget-container\">\n\t\t\t\t\t\t\t\t\t<p><strong>Iz ITALIJE &#8211; mejni prehod Ferneti\u010di (Fernetie (IT))<\/strong><\/p>\t\t\t\t\t\t\t\t<\/div>\n\t\t\t\t<\/div>\n\t\t\t\t<div class=\"elementor-element elementor-element-e70cbe0 elementor-icon-list--layout-traditional elementor-list-item-link-full_width elementor-widget elementor-widget-icon-list\" data-id=\"e70cbe0\" data-element_type=\"widget\" data-e-type=\"widget\" data-widget_type=\"icon-list.default\">\n\t\t\t\t<div class=\"elementor-widget-container\">\n\t\t\t\t\t\t\t<ul class=\"elementor-icon-list-items\">\n\t\t\t\t\t\t\t<li class=\"elementor-icon-list-item\">\n\t\t\t\t\t\t\t\t\t\t\t<span class=\"elementor-icon-list-icon\">\n\t\t\t\t\t\t\t<i aria-hidden=\"true\" class=\"fas fa-map-marker-alt\"><\/i>\t\t\t\t\t\t<\/span>\n\t\t\t\t\t\t\t\t\t\t<span class=\"elementor-icon-list-text\">Trst (IT) - Fernetie (IT) - Ferneti\u010di (A1 \/ E61 \/ E70) (SLO) - Ljubljana (10 \/ E57) (SLO) - razcep Slivnica - smer Ptuj (A4 \/ E59) - izhod Hajdina - (za tovornjake - desno, zaradi vi\u0161ine mostu)<\/span>\n\t\t\t\t\t\t\t\t\t<\/li>\n\t\t\t\t\t\t<\/ul>\n\t\t\t\t\t\t<\/div>\n\t\t\t\t<\/div>\n\t\t\t\t<div class=\"elementor-element elementor-element-b165305 elementor-widget elementor-widget-text-editor\" data-id=\"b165305\" data-element_type=\"widget\" data-e-type=\"widget\" data-widget_type=\"text-editor.default\">\n\t\t\t\t<div class=\"elementor-widget-container\">\n\t\t\t\t\t\t\t\t\t<p><strong>Iz MAD\u017dARSKE \u2013 mejni prehod Dolga vas (Redics (HU))<\/strong><\/p>\t\t\t\t\t\t\t\t<\/div>\n\t\t\t\t<\/div>\n\t\t\t\t<div class=\"elementor-element elementor-element-03ef940 elementor-icon-list--layout-traditional elementor-list-item-link-full_width elementor-widget elementor-widget-icon-list\" data-id=\"03ef940\" data-element_type=\"widget\" data-e-type=\"widget\" data-widget_type=\"icon-list.default\">\n\t\t\t\t<div class=\"elementor-widget-container\">\n\t\t\t\t\t\t\t<ul class=\"elementor-icon-list-items\">\n\t\t\t\t\t\t\t<li class=\"elementor-icon-list-item\">\n\t\t\t\t\t\t\t\t\t\t\t<span class=\"elementor-icon-list-icon\">\n\t\t\t\t\t\t\t<i aria-hidden=\"true\" class=\"fas fa-map-marker-alt\"><\/i>\t\t\t\t\t\t<\/span>\n\t\t\t\t\t\t\t\t\t\t<span class=\"elementor-icon-list-text\">Redics (HU) \u2013 Dolga vas (SLO) \u2013 Maribor (1\/E59) (SLO) \u2013 razcep Slivnica \u2013 smer Ptuj (A4\/E59 ) \u2013 izhod Hajdina \u2013 desno za Kidri\u010devo ( za tovornjake - desno, zaradi vi\u0161ine mostu)<\/span>\n\t\t\t\t\t\t\t\t\t<\/li>\n\t\t\t\t\t\t<\/ul>\n\t\t\t\t\t\t<\/div>\n\t\t\t\t<\/div>\n\t\t\t\t<div class=\"elementor-element elementor-element-f3792e1 elementor-widget elementor-widget-image\" data-id=\"f3792e1\" data-element_type=\"widget\" data-e-type=\"widget\" data-widget_type=\"image.default\">\n\t\t\t\t<div class=\"elementor-widget-container\">\n\t\t\t\t\t\t\t\t\t\t\t\t\t\t\t<img fetchpriority=\"high\" decoding=\"async\" width=\"847\" height=\"499\" src=\"https:\/\/silkem.si\/wp-content\/uploads\/2025\/10\/Tabla_eng-1024x603.webp\" class=\"attachment-large size-large wp-image-1986\" alt=\"\" srcset=\"https:\/\/silkem.si\/wp-content\/uploads\/2025\/10\/Tabla_eng-1024x603.webp 1024w, https:\/\/silkem.si\/wp-content\/uploads\/2025\/10\/Tabla_eng-300x177.webp 300w, https:\/\/silkem.si\/wp-content\/uploads\/2025\/10\/Tabla_eng-768x452.webp 768w, https:\/\/silkem.si\/wp-content\/uploads\/2025\/10\/Tabla_eng.webp 1035w\" sizes=\"(max-width: 847px) 100vw, 847px\" data-id=\"1986\" \/>\t\t\t\t\t\t\t\t\t\t\t\t\t\t\t<\/div>\n\t\t\t\t<\/div>\n\t\t\t\t\t<\/div>\n\t\t<\/div>\n\t\t\t\t\t<\/div>\n\t\t<\/section>\n\t\t\t\t<\/div>\n\t\t","protected":false},"excerpt":{"rendered":"<p>Dru\u017eba Silkem se nahaja znotraj industrijskega kompleksa IC Kidri\u010devo v Kidri\u010devem, Slovenija. Navodila Iz LJUBLJANE do Kidri\u010devega Ljubljana (A1 \/ E57) &#8211; razcep Slivnica &#8211; smer Ptuj (A4 \/ E59) &#8211; izvoz Hajdina &#8211; levi izhod Kidri\u010devo (za tovornjake &#8211; desno, zaradi vi\u0161ine mostu) Aerodrom Ljubljana, Brnik (SLO) (150 km) Najbolj primeren dostop do letali\u0161\u010da &hellip; <a href=\"https:\/\/silkem.si\/sl\/kje-smo\/\" class=\"more-link\" title=\"Continue reading <span class=\"screen-reader-text\">Kje smo<\/span>&#8220;>Continue reading <span class=\"screen-reader-text\">Kje smo<\/span><\/a><\/p>\n","protected":false},"author":1,"featured_media":0,"parent":0,"menu_order":15,"comment_status":"closed","ping_status":"closed","template":"","meta":{"footnotes":""},"class_list":["post-1984","page","type-page","status-publish","hentry"],"_links":{"self":[{"href":"https:\/\/silkem.si\/sl\/wp-json\/wp\/v2\/pages\/1984","targetHints":{"allow":["GET"]}}],"collection":[{"href":"https:\/\/silkem.si\/sl\/wp-json\/wp\/v2\/pages"}],"about":[{"href":"https:\/\/silkem.si\/sl\/wp-json\/wp\/v2\/types\/page"}],"author":[{"embeddable":true,"href":"https:\/\/silkem.si\/sl\/wp-json\/wp\/v2\/users\/1"}],"replies":[{"embeddable":true,"href":"https:\/\/silkem.si\/sl\/wp-json\/wp\/v2\/comments?post=1984"}],"version-history":[{"count":5,"href":"https:\/\/silkem.si\/sl\/wp-json\/wp\/v2\/pages\/1984\/revisions"}],"predecessor-version":[{"id":2042,"href":"https:\/\/silkem.si\/sl\/wp-json\/wp\/v2\/pages\/1984\/revisions\/2042"}],"wp:attachment":[{"href":"https:\/\/silkem.si\/sl\/wp-json\/wp\/v2\/media?parent=1984"}],"curies":[{"name":"wp","href":"https:\/\/api.w.org\/{rel}","templated":true}]}}