{"id":1870,"date":"2025-06-06T11:51:34","date_gmt":"2025-06-06T09:51:34","guid":{"rendered":"https:\/\/silkem.si\/applications\/"},"modified":"2025-12-05T13:23:37","modified_gmt":"2025-12-05T12:23:37","slug":"uporabne-moznosti","status":"publish","type":"page","link":"https:\/\/silkem.si\/sl\/uporabne-moznosti\/","title":{"rendered":"Uporabne mo\u017enosti"},"content":{"rendered":"\t\t<div data-elementor-type=\"wp-page\" data-elementor-id=\"1870\" class=\"elementor elementor-1870 elementor-644\">\n\t\t\t\t\t\t<div class=\"elementor-section elementor-top-section elementor-element elementor-element-679ab83 ts-col-stretched-none ts-bg-color-over-image elementor-section-boxed elementor-section-height-default elementor-section-height-default\" data-id=\"679ab83\" data-element_type=\"section\" data-e-type=\"section\">\n\t\t\t\t\t\t<div class=\"elementor-container elementor-column-gap-no\">\n\t\t\t\t\t<div class=\"elementor-column elementor-col-100 elementor-top-column elementor-element elementor-element-0af8a4f ts-bg-color-over-image\" data-id=\"0af8a4f\" data-element_type=\"column\" data-e-type=\"column\">\n\t\t\t<div class=\"elementor-widget-wrap elementor-element-populated\">\n\t\t\t\t\t\t<div class=\"elementor-element elementor-element-42fd0cc ts-align-center elementor-widget elementor-widget-ts_heading\" data-id=\"42fd0cc\" data-element_type=\"widget\" data-e-type=\"widget\" data-widget_type=\"ts_heading.default\">\n\t\t\t\t<div class=\"elementor-widget-container\">\n\t\t\t\t\t\t<div class=\"ts-heading-subheading  animation-style4\"><div class=\"ts-heading-desc\">Nenehne izbolj\u0161ave in razvoj novih proizvodov v sodelovanju s kupci omogo\u010dajo \u0161irjenje uporabnih mo\u017enosti proizvodov dru\u017ebe Silkem. Fleksibilnost pri zagotavljanju prilagojenih lastnosti specialnih materialov potrebam in \u017eeljam kupcev je bistvena strate\u0161ka prednost podjetja.<\/div><\/div>\t\t\t\t<\/div>\n\t\t\t\t<\/div>\n\t\t\t\t<div class=\"elementor-element elementor-element-9b09583 elementor-widget elementor-widget-text-editor\" data-id=\"9b09583\" data-element_type=\"widget\" data-e-type=\"widget\" data-widget_type=\"text-editor.default\">\n\t\t\t\t<div class=\"elementor-widget-container\">\n\t\t\t\t\t\t\t\t\t<p>Visoka kakovost ter kemi\u010dne in fizikalne zna\u010dilnosti proizvodov dru\u017ebe Silkem temeljijo na tehnolo\u0161ko visoko u\u010dinkovitih proizvodnih postopkih, ki so plod lastnega znanja. Pri proizvodnji so izpolnjene visoke zahteve standardov u\u010dinkovite rabe energije in varovanja okolja.<\/p>\t\t\t\t\t\t\t\t<\/div>\n\t\t\t\t<\/div>\n\t\t\t\t<div class=\"elementor-element elementor-element-cfecef3 ts-align-left elementor-widget elementor-widget-ts_portfolio_element\" data-id=\"cfecef3\" data-element_type=\"widget\" data-e-type=\"widget\" data-widget_type=\"ts_portfolio_element.default\">\n\t\t\t\t<div class=\"elementor-widget-container\">\n\t\t\t\t\t\r\n\t\t<div class=\"themestek-boxes themestek-boxes-portfolio themestek-boxes-element-portfolio-style-1 themestek-boxes-view-default themestek-boxes-col-three themestek-boxes-sortable- themestek-boxes-textalign-left themestek-boxes-sortablebutton- themestek-boxes-spacing-default\">\r\n\t\t<div class=\"themestek-boxes-inner themestek-boxes-portfolio-inner \">\t<div class=\"ts-heading-subheading \"><\/div>\r\n\t\t\t\r\n\t\t\t<div class=\"row multi-columns-row themestek-boxes-row-wrapper\">\r\n\t\t\t\t<div class=\"ts-box-col-wrapper col-lg-4 col-sm-6 col-md-4 col-xs-12 \"><article class=\"themestek-box themestek-box-portfolio ts-portfoliobox-style-1 ts-hover-style-2\">\r\n\t<div class=\"themestek-post-item\">\r\n\t\t\r\n\t\t<span class=\"themestek-item-thumbnail\">\r\n\t\t\t<span class=\"themestek-item-thumbnail-inner\">\r\n\t\t\t\t<img fetchpriority=\"high\" decoding=\"async\" width=\"800\" height=\"600\" src=\"https:\/\/silkem.si\/wp-content\/uploads\/2025\/06\/silkem-refractory-800x600.webp\" class=\"attachment-themestek-img-800x650 size-themestek-img-800x650 wp-post-image\" alt=\"\" \/>\r\n\t\t\t<\/span>\r\n\t\t<\/span>\t\t<div class=\"themestek-box-content\">\r\n            <div class=\"themestek-box-content-inner\">\t\t\t  \r\n\t\t\t\t\r\n\t\t\t\t<div class=\"themestek-pf-box-title\">\r\n\t\t\t\t\t<div class=\"themestek-box-category\"><\/div>\r\n\t\t\t\t\t<h3><a title=\"Ognjevzdr\u017eni materiali\" href=\"https:\/\/silkem.si\/sl\/uporabna-moznost\/ognjevzdrzni-materiali\/\">Ognjevzdr\u017eni materiali<\/a><\/h3>\t\t\t\t\t\r\n\t\t\t\t<\/div>\r\n\r\n\t\t\t\t \t\t\t\t\t<div class=\"themestek-box-desc\">\r\n\t\t\t\t\t\t<p>Dru\u017eba Silkem ponuja \u0161irok nabor proizvodov, namenjenih uporabi v industriji ognjevzdr\u017enih materialov. Poleg \u0161tevilnih tipov kalciniranih glinic SALOX<sup>\u00ae<\/sup> in tabularnih glinic ALFA TAB<sup>\u00ae<\/sup> so v ponudbi \u0161e sintrani \u0161pineli SP67, SP78 in SP90. Silkem pod blagovno znamko DRYSIL<sup>\u00ae<\/sup> proizvaja tudi su\u0161ene silikate.<\/p>\n<p><a class=\"product-link\" href=\"https:\/\/silkem.si\/sl\/proizvod\/tabularne-glinice\/\">&gt; TABULARNE GLINICE<\/a><br \/>\n<a class=\"product-link\" href=\"https:\/\/silkem.si\/sl\/proizvod\/kalcinirana-glinica\/\">&gt; KALCINIRANA GLINICA<\/a><br \/>\n<a class=\"product-link\" href=\"https:\/\/silkem.si\/sl\/proizvod\/sintrani-spineli\/\">&gt; SINTRANI \u0160PINELI<\/a><br \/>\n<a class=\"product-link\" href=\"https:\/\/silkem.si\/sl\/proizvod\/bemiti\/\">&gt; BEMITI<\/a><br \/>\n<a class=\"product-link\" href=\"https:\/\/silkem.si\/sl\/proizvod\/granulati\/\">&gt; SU\u0160ENI SILIKATI DRYSIL<sup>\u00ae<\/sup><\/a><\/p>\n\t\t\t\t\t<\/div>\r\n\t\t\t\t  \r\n\t\t\t<\/div>\t\t\r\n\t\t<\/div>\r\n\t<\/div>\r\n<\/article><\/div><div class=\"ts-box-col-wrapper col-lg-4 col-sm-6 col-md-4 col-xs-12 \"><article class=\"themestek-box themestek-box-portfolio ts-portfoliobox-style-1 ts-hover-style-2\">\r\n\t<div class=\"themestek-post-item\">\r\n\t\t\r\n\t\t<span class=\"themestek-item-thumbnail\">\r\n\t\t\t<span class=\"themestek-item-thumbnail-inner\">\r\n\t\t\t\t<img decoding=\"async\" width=\"800\" height=\"600\" src=\"https:\/\/silkem.si\/wp-content\/uploads\/2025\/07\/Detergents-1.webp\" class=\"attachment-themestek-img-800x650 size-themestek-img-800x650 wp-post-image\" alt=\"\" \/>\r\n\t\t\t<\/span>\r\n\t\t<\/span>\t\t<div class=\"themestek-box-content\">\r\n            <div class=\"themestek-box-content-inner\">\t\t\t  \r\n\t\t\t\t\r\n\t\t\t\t<div class=\"themestek-pf-box-title\">\r\n\t\t\t\t\t<div class=\"themestek-box-category\"><\/div>\r\n\t\t\t\t\t<h3><a title=\"Detergenti\" href=\"https:\/\/silkem.si\/sl\/uporabna-moznost\/detergenti\/\">Detergenti<\/a><\/h3>\t\t\t\t\t\r\n\t\t\t\t<\/div>\r\n\r\n\t\t\t\t \t\t\t\t\t<div class=\"themestek-box-desc\">\r\n\t\t\t\t\t\t<p>Zeoliti in su\u0161eni disilikati se uporabljajo pri proizvodnji pralnega prahu s postopkom suhega me\u0161anja. Dru\u017eba Silkem za ta postopek ponuja kompaktne granulate (premikse in zeolitne kompounde) ter su\u0161ene silikate DRYSIL<sup>\u00ae<\/sup> razli\u010dnih nasipnih te\u017e.<\/p>\n<p><a class=\"product-link\" href=\"https:\/\/silkem.si\/sl\/proizvod\/zeoliti\/\">&gt; ZEOLITI<\/a><br \/>\n<a class=\"product-link\" href=\"https:\/\/silkem.si\/sl\/proizvod\/silikati\/silikati-2\/\">&gt; SILIKATI<\/a><br \/>\n<a class=\"product-link\" href=\"https:\/\/silkem.si\/sl\/proizvod\/granulati\/\">&gt; PREMIKSI<\/a><br \/>\n<a class=\"product-link\" href=\"https:\/\/silkem.si\/sl\/proizvod\/granulati\/\">&gt; ZEOLITNI KOMPOUNDI<\/a><br \/>\n<a class=\"product-link\" href=\"https:\/\/silkem.si\/sl\/proizvod\/granulati\/\">&gt; SU\u0160ENI SILIKATI DRYSIL<sup>\u00ae<\/sup><\/a><\/p>\n\t\t\t\t\t<\/div>\r\n\t\t\t\t  \r\n\t\t\t<\/div>\t\t\r\n\t\t<\/div>\r\n\t<\/div>\r\n<\/article><\/div><div class=\"ts-box-col-wrapper col-lg-4 col-sm-6 col-md-4 col-xs-12 \"><article class=\"themestek-box themestek-box-portfolio ts-portfoliobox-style-1 ts-hover-style-2\">\r\n\t<div class=\"themestek-post-item\">\r\n\t\t\r\n\t\t<span class=\"themestek-item-thumbnail\">\r\n\t\t\t<span class=\"themestek-item-thumbnail-inner\">\r\n\t\t\t\t<img decoding=\"async\" width=\"800\" height=\"600\" src=\"https:\/\/silkem.si\/wp-content\/uploads\/2025\/07\/PVC-Stabilizers-1.webp\" class=\"attachment-themestek-img-800x650 size-themestek-img-800x650 wp-post-image\" alt=\"\" \/>\r\n\t\t\t<\/span>\r\n\t\t<\/span>\t\t<div class=\"themestek-box-content\">\r\n            <div class=\"themestek-box-content-inner\">\t\t\t  \r\n\t\t\t\t\r\n\t\t\t\t<div class=\"themestek-pf-box-title\">\r\n\t\t\t\t\t<div class=\"themestek-box-category\"><\/div>\r\n\t\t\t\t\t<h3><a title=\"PVC-Stabilizatorji\" href=\"https:\/\/silkem.si\/sl\/uporabna-moznost\/pvc-stabilizatorji\/\">PVC-Stabilizatorji<\/a><\/h3>\t\t\t\t\t\r\n\t\t\t\t<\/div>\r\n\r\n\t\t\t\t \t\t\t\t\t<div class=\"themestek-box-desc\">\r\n\t\t\t\t\t\t<p>Pomembno podro\u010dje uporabe zeolita 4A je proizvodnja PVC-materialov. Silkem je poleg standardnega zeolita ZP-4A za podro\u010dje uporabe zeolita v proizvodnji PVC-toplotnih stabilizatorjev razvil zeolit brez grobih delcev in ne\u010disto\u010d.<\/p>\n<p><a class=\"product-link\" href=\"https:\/\/silkem.si\/sl\/proizvod\/zeoliti\/\">&gt; ZEOLITI<\/a><\/p>\n\t\t\t\t\t<\/div>\r\n\t\t\t\t  \r\n\t\t\t<\/div>\t\t\r\n\t\t<\/div>\r\n\t<\/div>\r\n<\/article><\/div><div class=\"ts-box-col-wrapper col-lg-4 col-sm-6 col-md-4 col-xs-12 \"><article class=\"themestek-box themestek-box-portfolio ts-portfoliobox-style-1 ts-hover-style-2\">\r\n\t<div class=\"themestek-post-item\">\r\n\t\t\r\n\t\t<span class=\"themestek-item-thumbnail\">\r\n\t\t\t<span class=\"themestek-item-thumbnail-inner\">\r\n\t\t\t\t<img loading=\"lazy\" decoding=\"async\" width=\"800\" height=\"600\" src=\"https:\/\/silkem.si\/wp-content\/uploads\/2025\/07\/Ceramic-1.webp\" class=\"attachment-themestek-img-800x650 size-themestek-img-800x650 wp-post-image\" alt=\"\" \/>\r\n\t\t\t<\/span>\r\n\t\t<\/span>\t\t<div class=\"themestek-box-content\">\r\n            <div class=\"themestek-box-content-inner\">\t\t\t  \r\n\t\t\t\t\r\n\t\t\t\t<div class=\"themestek-pf-box-title\">\r\n\t\t\t\t\t<div class=\"themestek-box-category\"><\/div>\r\n\t\t\t\t\t<h3><a title=\"Keramike\" href=\"https:\/\/silkem.si\/sl\/uporabna-moznost\/keramike\/\">Keramike<\/a><\/h3>\t\t\t\t\t\r\n\t\t\t\t<\/div>\r\n\r\n\t\t\t\t \t\t\t\t\t<div class=\"themestek-box-desc\">\r\n\t\t\t\t\t\t<p>Dru\u017eba Silkem s posebnimi postopki toplotne in mehanske obdelave aluminijevih oksidov proizvaja \u0161iroko paleto specialnih glinic za uporabo v proizvodnji tehni\u010dne in gospodinjske keramike ter glazur in fritov.<\/p>\n<p><a class=\"product-link\" href=\"https:\/\/silkem.si\/sl\/proizvod\/kalcinirana-glinica\/\">&gt; KALCINIRANA GLINICA<\/a><br \/>\n<a class=\"product-link\" href=\"https:\/\/silkem.si\/sl\/proizvod\/tabularne-glinice\/\">&gt; TABULARNE GLINICE<\/a><br \/>\n<a class=\"product-link\" href=\"https:\/\/silkem.si\/sl\/proizvod\/silikati\/silikati-2\/\">&gt; SILIKATI<\/a><br \/>\n<a class=\"product-link\" href=\"https:\/\/silkem.si\/sl\/proizvod\/bemiti\/\">&gt; BEMITI<\/a><\/p>\n\t\t\t\t\t<\/div>\r\n\t\t\t\t  \r\n\t\t\t<\/div>\t\t\r\n\t\t<\/div>\r\n\t<\/div>\r\n<\/article><\/div><div class=\"ts-box-col-wrapper col-lg-4 col-sm-6 col-md-4 col-xs-12 \"><article class=\"themestek-box themestek-box-portfolio ts-portfoliobox-style-1 ts-hover-style-2\">\r\n\t<div class=\"themestek-post-item\">\r\n\t\t\r\n\t\t<span class=\"themestek-item-thumbnail\">\r\n\t\t\t<span class=\"themestek-item-thumbnail-inner\">\r\n\t\t\t\t<img loading=\"lazy\" decoding=\"async\" width=\"800\" height=\"600\" src=\"https:\/\/silkem.si\/wp-content\/uploads\/2025\/07\/silkem-polyurethane-2.webp\" class=\"attachment-themestek-img-800x650 size-themestek-img-800x650 wp-post-image\" alt=\"\" \/>\r\n\t\t\t<\/span>\r\n\t\t<\/span>\t\t<div class=\"themestek-box-content\">\r\n            <div class=\"themestek-box-content-inner\">\t\t\t  \r\n\t\t\t\t\r\n\t\t\t\t<div class=\"themestek-pf-box-title\">\r\n\t\t\t\t\t<div class=\"themestek-box-category\"><\/div>\r\n\t\t\t\t\t<h3><a title=\"Poliuretan\" href=\"https:\/\/silkem.si\/sl\/uporabna-moznost\/poliuretan\/\">Poliuretan<\/a><\/h3>\t\t\t\t\t\r\n\t\t\t\t<\/div>\r\n\r\n\t\t\t\t \t\t\t\t\t<div class=\"themestek-box-desc\">\r\n\t\t\t\t\t\t<p>Pra\u0161kasti aktivirani zeoliti ASORBIO<sup>\u00ae<\/sup> ZAP se kot molekularna sita za odstranjevanje vlage uporabljajo pri proizvodnji poliuretanskih proizvodov (poliuretanska tesnila, podplati, premazi, talne obloge ipd.), pri kateri lahko molekule vode povzro\u010dijo ne\u017eelene u\u010dinke.<\/p>\n<p><a class=\"product-link\" href=\"https:\/\/silkem.si\/sl\/proizvod\/aktivirani-zeoliti\/\">&gt; ASORBIO<sup>\u00ae<\/sup> ZAP<\/a><\/p>\n\t\t\t\t\t<\/div>\r\n\t\t\t\t  \r\n\t\t\t<\/div>\t\t\r\n\t\t<\/div>\r\n\t<\/div>\r\n<\/article><\/div><div class=\"ts-box-col-wrapper col-lg-4 col-sm-6 col-md-4 col-xs-12 \"><article class=\"themestek-box themestek-box-portfolio ts-portfoliobox-style-1 ts-hover-style-2\">\r\n\t<div class=\"themestek-post-item\">\r\n\t\t\r\n\t\t<span class=\"themestek-item-thumbnail\">\r\n\t\t\t<span class=\"themestek-item-thumbnail-inner\">\r\n\t\t\t\t<img loading=\"lazy\" decoding=\"async\" width=\"800\" height=\"600\" src=\"https:\/\/silkem.si\/wp-content\/uploads\/2025\/07\/Catalysts-1.webp\" class=\"attachment-themestek-img-800x650 size-themestek-img-800x650 wp-post-image\" alt=\"\" \/>\r\n\t\t\t<\/span>\r\n\t\t<\/span>\t\t<div class=\"themestek-box-content\">\r\n            <div class=\"themestek-box-content-inner\">\t\t\t  \r\n\t\t\t\t\r\n\t\t\t\t<div class=\"themestek-pf-box-title\">\r\n\t\t\t\t\t<div class=\"themestek-box-category\"><\/div>\r\n\t\t\t\t\t<h3><a title=\"Katalizatorji\" href=\"https:\/\/silkem.si\/sl\/uporabna-moznost\/katalizatorji\/\">Katalizatorji<\/a><\/h3>\t\t\t\t\t\r\n\t\t\t\t<\/div>\r\n\r\n\t\t\t\t \t\t\t\t\t<div class=\"themestek-box-desc\">\r\n\t\t\t\t\t\t<p>Rezultat intenzivnega lastnega razvojnega dela na podro\u010djih izbolj\u0161anja obstoje\u010dih in razvoja novih proizvodov so nove uporabne mo\u017enosti, kot je na primer industrija katalizatorjev. Dru\u017eba Silkem je za to uporabo razvila posebne tipe bemitov SIBOM<sup>\u00ae<\/sup> in granuliranih aktiviranih zeolitov ASORBIO<sup>\u00ae<\/sup> ZAG.<\/p>\n<p><a class=\"product-link\" href=\"https:\/\/silkem.si\/sl\/proizvod\/bemiti\/\">&gt; BEMITI<\/a><br \/>\n<a class=\"product-link\" href=\"https:\/\/silkem.si\/sl\/proizvod\/aktivirani-zeoliti\/\">&gt; ASORBIO<sup>\u00ae<\/sup> ZAG<\/a><\/p>\n\t\t\t\t\t<\/div>\r\n\t\t\t\t  \r\n\t\t\t<\/div>\t\t\r\n\t\t<\/div>\r\n\t<\/div>\r\n<\/article><\/div><div class=\"ts-box-col-wrapper col-lg-4 col-sm-6 col-md-4 col-xs-12 \"><article class=\"themestek-box themestek-box-portfolio ts-portfoliobox-style-1 ts-hover-style-2\">\r\n\t<div class=\"themestek-post-item\">\r\n\t\t\r\n\t\t<span class=\"themestek-item-thumbnail\">\r\n\t\t\t<span class=\"themestek-item-thumbnail-inner\">\r\n\t\t\t\t<img loading=\"lazy\" decoding=\"async\" width=\"800\" height=\"600\" src=\"https:\/\/silkem.si\/wp-content\/uploads\/2025\/11\/investment-casting-800x600.webp\" class=\"attachment-themestek-img-800x650 size-themestek-img-800x650 wp-post-image\" alt=\"\" \/>\r\n\t\t\t<\/span>\r\n\t\t<\/span>\t\t<div class=\"themestek-box-content\">\r\n            <div class=\"themestek-box-content-inner\">\t\t\t  \r\n\t\t\t\t\r\n\t\t\t\t<div class=\"themestek-pf-box-title\">\r\n\t\t\t\t\t<div class=\"themestek-box-category\"><\/div>\r\n\t\t\t\t\t<h3><a title=\"Modularno litje\" href=\"https:\/\/silkem.si\/sl\/uporabna-moznost\/modularno-litje\/\">Modularno litje<\/a><\/h3>\t\t\t\t\t\r\n\t\t\t\t<\/div>\r\n\r\n\t\t\t\t \t\t\t\t\t<div class=\"themestek-box-desc\">\r\n\t\t\t\t\t\t<p>Tabularna glinica ALFA TAB<sup>\u00ae<\/sup> 06 je sintrana aluminijeva oksidna keramika izredno visoke \u010distosti in gostote, brez dodatkov, sintrana pri zelo visokih temperaturah. Zaradi svoje izjemne mehanske trdnosti, odli\u010dne odpornosti na toplotni \u0161ok in kemi\u010dne napade ter dimenzijske stabilnosti nad 1.700 <sup>\u00b0<\/sup>C, je idealna kot sestavni del kalupov ali jedra pri tehnologiji modularnega litja.<\/p>\n<p><a class=\"product-link\" href=\"https:\/\/silkem.si\/sl\/proizvod\/tabularne-glinice\/\">&gt; TABULARNE GLINICE<\/a><\/p>\n\t\t\t\t\t<\/div>\r\n\t\t\t\t  \r\n\t\t\t<\/div>\t\t\r\n\t\t<\/div>\r\n\t<\/div>\r\n<\/article><\/div>\r\n\t\t\t<\/div>\r\n\t\t<\/div><!-- .themestek-boxes-inner -->   <\/div><!-- .themestek-boxes -->  \t\t\t\t<\/div>\n\t\t\t\t<\/div>\n\t\t\t\t\t<\/div>\n\t\t<\/div>\n\t\t\t\t\t<\/div>\n\t\t<\/div>\n\t\t\t\t<\/div>\n\t\t","protected":false},"excerpt":{"rendered":"<p>Nenehne izbolj\u0161ave in razvoj novih proizvodov v sodelovanju s kupci omogo\u010dajo \u0161irjenje uporabnih mo\u017enosti proizvodov dru\u017ebe Silkem. Fleksibilnost pri zagotavljanju prilagojenih lastnosti specialnih materialov potrebam in \u017eeljam kupcev je bistvena strate\u0161ka prednost podjetja. Visoka kakovost ter kemi\u010dne in fizikalne zna\u010dilnosti proizvodov dru\u017ebe Silkem temeljijo na tehnolo\u0161ko visoko u\u010dinkovitih proizvodnih postopkih, ki so plod lastnega znanja. &hellip; <a href=\"https:\/\/silkem.si\/sl\/uporabna-moznost\/modularno-litje\/\" class=\"more-link\" title=\"Continue reading <span class=\"screen-reader-text\">Modularno litje<\/span>&#8220;>Continue reading <span class=\"screen-reader-text\">Modularno litje<\/span><\/a><\/p>\n","protected":false},"author":1,"featured_media":0,"parent":0,"menu_order":24,"comment_status":"closed","ping_status":"closed","template":"","meta":{"footnotes":""},"class_list":["post-1870","page","type-page","status-publish","hentry"],"_links":{"self":[{"href":"https:\/\/silkem.si\/sl\/wp-json\/wp\/v2\/pages\/1870","targetHints":{"allow":["GET"]}}],"collection":[{"href":"https:\/\/silkem.si\/sl\/wp-json\/wp\/v2\/pages"}],"about":[{"href":"https:\/\/silkem.si\/sl\/wp-json\/wp\/v2\/types\/page"}],"author":[{"embeddable":true,"href":"https:\/\/silkem.si\/sl\/wp-json\/wp\/v2\/users\/1"}],"replies":[{"embeddable":true,"href":"https:\/\/silkem.si\/sl\/wp-json\/wp\/v2\/comments?post=1870"}],"version-history":[{"count":4,"href":"https:\/\/silkem.si\/sl\/wp-json\/wp\/v2\/pages\/1870\/revisions"}],"predecessor-version":[{"id":2087,"href":"https:\/\/silkem.si\/sl\/wp-json\/wp\/v2\/pages\/1870\/revisions\/2087"}],"wp:attachment":[{"href":"https:\/\/silkem.si\/sl\/wp-json\/wp\/v2\/media?parent=1870"}],"curies":[{"name":"wp","href":"https:\/\/api.w.org\/{rel}","templated":true}]}}