{"id":2030,"date":"2025-08-03T16:05:27","date_gmt":"2025-08-03T14:05:27","guid":{"rendered":"https:\/\/silkem.si\/where-we-are\/"},"modified":"2025-12-05T12:30:03","modified_gmt":"2025-12-05T11:30:03","slug":"wie-erreichen-sie-uns","status":"publish","type":"page","link":"https:\/\/silkem.si\/de\/wie-erreichen-sie-uns\/","title":{"rendered":"Wie erreichen Sie uns"},"content":{"rendered":"\t\t<div data-elementor-type=\"wp-page\" data-elementor-id=\"2030\" class=\"elementor elementor-2030 elementor-1075\">\n\t\t\t\t\t\t<section class=\"elementor-section elementor-top-section elementor-element elementor-element-a1a067a elementor-section-stretched ts-col-stretched-none ts-bg-color-over-image elementor-section-boxed elementor-section-height-default elementor-section-height-default\" data-id=\"a1a067a\" data-element_type=\"section\" data-e-type=\"section\" data-settings=\"{&quot;stretch_section&quot;:&quot;section-stretched&quot;}\">\n\t\t\t\t\t\t<div class=\"elementor-container elementor-column-gap-no\">\n\t\t\t\t\t<div class=\"elementor-column elementor-col-100 elementor-top-column elementor-element elementor-element-b7c3221 ts-bg-color-over-image\" data-id=\"b7c3221\" data-element_type=\"column\" data-e-type=\"column\">\n\t\t\t<div class=\"elementor-widget-wrap elementor-element-populated\">\n\t\t\t\t\t\t<div class=\"elementor-element elementor-element-f8787fd ts-align-left elementor-widget elementor-widget-ts_heading\" data-id=\"f8787fd\" data-element_type=\"widget\" data-e-type=\"widget\" data-widget_type=\"ts_heading.default\">\n\t\t\t\t<div class=\"elementor-widget-container\">\n\t\t\t\t\t\t<div class=\"ts-heading-subheading ts-reverse-heading-yes animation-style4\"><div class=\"ts-heading-desc\">Die Firma Silkem befindet sich im Industriekomplex IC Kidri\u010devo in Kidri\u010devo, Slowenien.<\/div><\/div>\t\t\t\t<\/div>\n\t\t\t\t<\/div>\n\t\t\t\t\t<\/div>\n\t\t<\/div>\n\t\t\t\t\t<\/div>\n\t\t<\/section>\n\t\t\t\t<section class=\"elementor-section elementor-top-section elementor-element elementor-element-45eef65 elementor-section-stretched ts-col-stretched-none ts-bg-color-over-image elementor-section-boxed elementor-section-height-default elementor-section-height-default\" data-id=\"45eef65\" data-element_type=\"section\" data-e-type=\"section\" id=\"history\" data-settings=\"{&quot;stretch_section&quot;:&quot;section-stretched&quot;}\">\n\t\t\t\t\t\t<div class=\"elementor-container elementor-column-gap-no\">\n\t\t\t\t\t<div class=\"elementor-column elementor-col-100 elementor-top-column elementor-element elementor-element-86d7afa ts-bg-color-over-image\" data-id=\"86d7afa\" data-element_type=\"column\" data-e-type=\"column\">\n\t\t\t<div class=\"elementor-widget-wrap elementor-element-populated\">\n\t\t\t\t\t\t<div class=\"elementor-element elementor-element-45a4ca4 elementor-widget__width-initial ts-align-left elementor-widget elementor-widget-ts_heading\" data-id=\"45a4ca4\" data-element_type=\"widget\" data-e-type=\"widget\" data-widget_type=\"ts_heading.default\">\n\t\t\t\t<div class=\"elementor-widget-container\">\n\t\t\t\t\t\t<div class=\"ts-heading-subheading ts-reverse-heading-yes animation-style4\"><h2 class=\"ts-custom-heading ts-custom-heading-title\">\r\n\t\t\t\r\n\t\t\t\tRichtungen\r\n\t\t\t\r\n\t\t\t<\/h2>\r\n\t\t<\/div>\t\t\t\t<\/div>\n\t\t\t\t<\/div>\n\t\t\t\t<div class=\"elementor-element elementor-element-e0ca664 elementor-widget elementor-widget-text-editor\" data-id=\"e0ca664\" data-element_type=\"widget\" data-e-type=\"widget\" data-widget_type=\"text-editor.default\">\n\t\t\t\t<div class=\"elementor-widget-container\">\n\t\t\t\t\t\t\t\t\t<p><strong>Von LJUBLJANA nach Kidricevo<\/strong><\/p>\t\t\t\t\t\t\t\t<\/div>\n\t\t\t\t<\/div>\n\t\t\t\t<div class=\"elementor-element elementor-element-0d1e6d5 elementor-icon-list--layout-traditional elementor-list-item-link-full_width elementor-widget elementor-widget-icon-list\" data-id=\"0d1e6d5\" data-element_type=\"widget\" data-e-type=\"widget\" data-widget_type=\"icon-list.default\">\n\t\t\t\t<div class=\"elementor-widget-container\">\n\t\t\t\t\t\t\t<ul class=\"elementor-icon-list-items\">\n\t\t\t\t\t\t\t<li class=\"elementor-icon-list-item\">\n\t\t\t\t\t\t\t\t\t\t\t<span class=\"elementor-icon-list-icon\">\n\t\t\t\t\t\t\t<i aria-hidden=\"true\" class=\"fas fa-map-marker-alt\"><\/i>\t\t\t\t\t\t<\/span>\n\t\t\t\t\t\t\t\t\t\t<span class=\"elementor-icon-list-text\">Ljubljana (10\/E57) \u2013 Split Slivnica - Richtung Ptuj (A4 \/ E59) - Ausfahrt Hajdina - links abbiegen Kidri\u010devo (f\u00fcr LKWs \u2013 rechts abbiegen wegen H\u00f6henbeschr\u00e4nkung)<\/span>\n\t\t\t\t\t\t\t\t\t<\/li>\n\t\t\t\t\t\t\t\t<li class=\"elementor-icon-list-item\">\n\t\t\t\t\t\t\t\t\t\t\t<span class=\"elementor-icon-list-icon\">\n\t\t\t\t\t\t\t<i aria-hidden=\"true\" class=\"fas fa-plane\"><\/i>\t\t\t\t\t\t<\/span>\n\t\t\t\t\t\t\t\t\t\t<span class=\"elementor-icon-list-text\">Aerodrom Ljubljana, Brnik (SLO) (150 km) Der meist geeignete Zugang zum Flughafen Ljubljana ist die Autobahn E61. Folgen Sie den deutlich angegebenen Anweisungen f\u00fcr Brnik. Der Flughafen liegt 26 km n\u00f6rdlich von Ljubljana.<\/span>\n\t\t\t\t\t\t\t\t\t<\/li>\n\t\t\t\t\t\t<\/ul>\n\t\t\t\t\t\t<\/div>\n\t\t\t\t<\/div>\n\t\t\t\t<div class=\"elementor-element elementor-element-00c6b3e elementor-widget elementor-widget-text-editor\" data-id=\"00c6b3e\" data-element_type=\"widget\" data-e-type=\"widget\" data-widget_type=\"text-editor.default\">\n\t\t\t\t<div class=\"elementor-widget-container\">\n\t\t\t\t\t\t\t\t\t<p><strong>Aus \u00d6STERREICH \u2013 Grenz\u00fcbergang \u0160entilj (Spielfield (AT))<\/strong><\/p>\t\t\t\t\t\t\t\t<\/div>\n\t\t\t\t<\/div>\n\t\t\t\t<div class=\"elementor-element elementor-element-96bf252 elementor-icon-list--layout-traditional elementor-list-item-link-full_width elementor-widget elementor-widget-icon-list\" data-id=\"96bf252\" data-element_type=\"widget\" data-e-type=\"widget\" data-widget_type=\"icon-list.default\">\n\t\t\t\t<div class=\"elementor-widget-container\">\n\t\t\t\t\t\t\t<ul class=\"elementor-icon-list-items\">\n\t\t\t\t\t\t\t<li class=\"elementor-icon-list-item\">\n\t\t\t\t\t\t\t\t\t\t\t<span class=\"elementor-icon-list-icon\">\n\t\t\t\t\t\t\t<i aria-hidden=\"true\" class=\"fas fa-map-marker-alt\"><\/i>\t\t\t\t\t\t<\/span>\n\t\t\t\t\t\t\t\t\t\t<span class=\"elementor-icon-list-text\">Wien (A2 \/ E60 \/ E59) (AT) - Graz (A9 \/ E57 \/ E59) (AT) - Spielfeld (AT) - \u0160entilj (A1\/ E57 \/ E59) (SLO) - Split Slivnica - Richtung Ptuj (A4 \/ E59 ) - Ausfahrt Hajdina \u2013 f\u00fcr Kidri\u010devo links abbiegen (f\u00fcr LKWs \u2013 rechts abbiegen wegen H\u00f6henbeschr\u00e4nkung)<\/span>\n\t\t\t\t\t\t\t\t\t<\/li>\n\t\t\t\t\t\t\t\t<li class=\"elementor-icon-list-item\">\n\t\t\t\t\t\t\t\t\t\t\t<span class=\"elementor-icon-list-icon\">\n\t\t\t\t\t\t\t<i aria-hidden=\"true\" class=\"fas fa-plane\"><\/i>\t\t\t\t\t\t<\/span>\n\t\t\t\t\t\t\t\t\t\t<span class=\"elementor-icon-list-text\">Graz (AT) (90 km)<\/span>\n\t\t\t\t\t\t\t\t\t<\/li>\n\t\t\t\t\t\t<\/ul>\n\t\t\t\t\t\t<\/div>\n\t\t\t\t<\/div>\n\t\t\t\t<div class=\"elementor-element elementor-element-bfbeeda elementor-widget elementor-widget-text-editor\" data-id=\"bfbeeda\" data-element_type=\"widget\" data-e-type=\"widget\" data-widget_type=\"text-editor.default\">\n\t\t\t\t<div class=\"elementor-widget-container\">\n\t\t\t\t\t\t\t\t\t<p><strong>Aus KROATIEN &#8211; Grenz\u00fcbergang Gru\u0161kovje<\/strong><\/p>\t\t\t\t\t\t\t\t<\/div>\n\t\t\t\t<\/div>\n\t\t\t\t<div class=\"elementor-element elementor-element-9945e3d elementor-icon-list--layout-traditional elementor-list-item-link-full_width elementor-widget elementor-widget-icon-list\" data-id=\"9945e3d\" data-element_type=\"widget\" data-e-type=\"widget\" data-widget_type=\"icon-list.default\">\n\t\t\t\t<div class=\"elementor-widget-container\">\n\t\t\t\t\t\t\t<ul class=\"elementor-icon-list-items\">\n\t\t\t\t\t\t\t<li class=\"elementor-icon-list-item\">\n\t\t\t\t\t\t\t\t\t\t\t<span class=\"elementor-icon-list-icon\">\n\t\t\t\t\t\t\t<i aria-hidden=\"true\" class=\"fas fa-map-marker-alt\"><\/i>\t\t\t\t\t\t<\/span>\n\t\t\t\t\t\t\t\t\t\t<span class=\"elementor-icon-list-text\">Zagreb (CRO) - Krapina (1 \/ E59) (CRO) - Gru\u0161kovje (E59) (SLO) - Dra\u017eenci (A4 \/ E59) - Ausfahrt Hajdina \u2013 f\u00fcr Kidri\u010devo links abbiegen (f\u00fcr LKWs \u2013 rechts abbiegen wegen H\u00f6henbeschr\u00e4nkung)<\/span>\n\t\t\t\t\t\t\t\t\t<\/li>\n\t\t\t\t\t\t\t\t<li class=\"elementor-icon-list-item\">\n\t\t\t\t\t\t\t\t\t\t\t<span class=\"elementor-icon-list-icon\">\n\t\t\t\t\t\t\t<i aria-hidden=\"true\" class=\"fas fa-plane\"><\/i>\t\t\t\t\t\t<\/span>\n\t\t\t\t\t\t\t\t\t\t<span class=\"elementor-icon-list-text\">Zagreb (CRO) (93 km)<\/span>\n\t\t\t\t\t\t\t\t\t<\/li>\n\t\t\t\t\t\t<\/ul>\n\t\t\t\t\t\t<\/div>\n\t\t\t\t<\/div>\n\t\t\t\t<div class=\"elementor-element elementor-element-8cb164e elementor-widget elementor-widget-text-editor\" data-id=\"8cb164e\" data-element_type=\"widget\" data-e-type=\"widget\" data-widget_type=\"text-editor.default\">\n\t\t\t\t<div class=\"elementor-widget-container\">\n\t\t\t\t\t\t\t\t\t<p><strong>Von ITALIEN \u2013 Grenz\u00fcbergang Ferneti\u010di (Fernetie (IT))<\/strong><\/p>\t\t\t\t\t\t\t\t<\/div>\n\t\t\t\t<\/div>\n\t\t\t\t<div class=\"elementor-element elementor-element-e70cbe0 elementor-icon-list--layout-traditional elementor-list-item-link-full_width elementor-widget elementor-widget-icon-list\" data-id=\"e70cbe0\" data-element_type=\"widget\" data-e-type=\"widget\" data-widget_type=\"icon-list.default\">\n\t\t\t\t<div class=\"elementor-widget-container\">\n\t\t\t\t\t\t\t<ul class=\"elementor-icon-list-items\">\n\t\t\t\t\t\t\t<li class=\"elementor-icon-list-item\">\n\t\t\t\t\t\t\t\t\t\t\t<span class=\"elementor-icon-list-icon\">\n\t\t\t\t\t\t\t<i aria-hidden=\"true\" class=\"fas fa-map-marker-alt\"><\/i>\t\t\t\t\t\t<\/span>\n\t\t\t\t\t\t\t\t\t\t<span class=\"elementor-icon-list-text\">Triest (IT) \u2013 Fernetie (IT) \u2013 Ferneti\u010di (A1\/E61\/E70) (SLO) \u2013 Ljubljana (10 \/ E57) (SLO) - Split Slivnica - Richtung Ptuj (A4 \/ E59) - Ausfahrt Hajdina \u2013 f\u00fcr Kidri\u010devo links abbiegen Kidri\u010devo (f\u00fcr LKWs \u2013 rechts abbiegen wegen H\u00f6henbeschr\u00e4nkung)<\/span>\n\t\t\t\t\t\t\t\t\t<\/li>\n\t\t\t\t\t\t<\/ul>\n\t\t\t\t\t\t<\/div>\n\t\t\t\t<\/div>\n\t\t\t\t<div class=\"elementor-element elementor-element-b165305 elementor-widget elementor-widget-text-editor\" data-id=\"b165305\" data-element_type=\"widget\" data-e-type=\"widget\" data-widget_type=\"text-editor.default\">\n\t\t\t\t<div class=\"elementor-widget-container\">\n\t\t\t\t\t\t\t\t\t<p><strong>Aus UNGARN &#8211; Grenz\u00fcbergang Dolga vas (Redics (HU))<\/strong><\/p>\t\t\t\t\t\t\t\t<\/div>\n\t\t\t\t<\/div>\n\t\t\t\t<div class=\"elementor-element elementor-element-03ef940 elementor-icon-list--layout-traditional elementor-list-item-link-full_width elementor-widget elementor-widget-icon-list\" data-id=\"03ef940\" data-element_type=\"widget\" data-e-type=\"widget\" data-widget_type=\"icon-list.default\">\n\t\t\t\t<div class=\"elementor-widget-container\">\n\t\t\t\t\t\t\t<ul class=\"elementor-icon-list-items\">\n\t\t\t\t\t\t\t<li class=\"elementor-icon-list-item\">\n\t\t\t\t\t\t\t\t\t\t\t<span class=\"elementor-icon-list-icon\">\n\t\t\t\t\t\t\t<i aria-hidden=\"true\" class=\"fas fa-map-marker-alt\"><\/i>\t\t\t\t\t\t<\/span>\n\t\t\t\t\t\t\t\t\t\t<span class=\"elementor-icon-list-text\">Redics (HU) \u2013 Dolga vas (SLO) - Maribor (1 \/ E59) (SLO) - Split Slivnica - Richtung Ptuj (A4 \/ E59) - Ausfahrt Hajdina \u2013 f\u00fcr Kidri\u010devo links abbiegen (f\u00fcr LKWs - rechts abbiegen wegen H\u00f6henbeschr\u00e4nkung)<\/span>\n\t\t\t\t\t\t\t\t\t<\/li>\n\t\t\t\t\t\t<\/ul>\n\t\t\t\t\t\t<\/div>\n\t\t\t\t<\/div>\n\t\t\t\t<div class=\"elementor-element elementor-element-f3792e1 elementor-widget elementor-widget-image\" data-id=\"f3792e1\" data-element_type=\"widget\" data-e-type=\"widget\" data-widget_type=\"image.default\">\n\t\t\t\t<div class=\"elementor-widget-container\">\n\t\t\t\t\t\t\t\t\t\t\t\t\t\t\t<img fetchpriority=\"high\" decoding=\"async\" width=\"847\" height=\"499\" src=\"https:\/\/silkem.si\/wp-content\/uploads\/2025\/10\/Tabla_eng-1024x603.webp\" class=\"attachment-large size-large wp-image-2032\" alt=\"\" srcset=\"https:\/\/silkem.si\/wp-content\/uploads\/2025\/10\/Tabla_eng-1024x603.webp 1024w, https:\/\/silkem.si\/wp-content\/uploads\/2025\/10\/Tabla_eng-300x177.webp 300w, https:\/\/silkem.si\/wp-content\/uploads\/2025\/10\/Tabla_eng-768x452.webp 768w, https:\/\/silkem.si\/wp-content\/uploads\/2025\/10\/Tabla_eng.webp 1035w\" sizes=\"(max-width: 847px) 100vw, 847px\" data-id=\"2032\" \/>\t\t\t\t\t\t\t\t\t\t\t\t\t\t\t<\/div>\n\t\t\t\t<\/div>\n\t\t\t\t\t<\/div>\n\t\t<\/div>\n\t\t\t\t\t<\/div>\n\t\t<\/section>\n\t\t\t\t<\/div>\n\t\t","protected":false},"excerpt":{"rendered":"<p>Die Firma Silkem befindet sich im Industriekomplex IC Kidri\u010devo in Kidri\u010devo, Slowenien. Richtungen Von LJUBLJANA nach Kidricevo Ljubljana (10\/E57) \u2013 Split Slivnica &#8211; Richtung Ptuj (A4 \/ E59) &#8211; Ausfahrt Hajdina &#8211; links abbiegen Kidri\u010devo (f\u00fcr LKWs \u2013 rechts abbiegen wegen H\u00f6henbeschr\u00e4nkung) Aerodrom Ljubljana, Brnik (SLO) (150 km) Der meist geeignete Zugang zum Flughafen Ljubljana &hellip; <a href=\"https:\/\/silkem.si\/de\/wie-erreichen-sie-uns\/\" class=\"more-link\" title=\"Continue reading <span class=\"screen-reader-text\">Wie erreichen Sie uns<\/span>&#8222;>Continue reading <span class=\"screen-reader-text\">Wie erreichen Sie uns<\/span><\/a><\/p>\n","protected":false},"author":1,"featured_media":0,"parent":0,"menu_order":15,"comment_status":"closed","ping_status":"closed","template":"","meta":{"footnotes":""},"class_list":["post-2030","page","type-page","status-publish","hentry"],"_links":{"self":[{"href":"https:\/\/silkem.si\/de\/wp-json\/wp\/v2\/pages\/2030","targetHints":{"allow":["GET"]}}],"collection":[{"href":"https:\/\/silkem.si\/de\/wp-json\/wp\/v2\/pages"}],"about":[{"href":"https:\/\/silkem.si\/de\/wp-json\/wp\/v2\/types\/page"}],"author":[{"embeddable":true,"href":"https:\/\/silkem.si\/de\/wp-json\/wp\/v2\/users\/1"}],"replies":[{"embeddable":true,"href":"https:\/\/silkem.si\/de\/wp-json\/wp\/v2\/comments?post=2030"}],"version-history":[{"count":7,"href":"https:\/\/silkem.si\/de\/wp-json\/wp\/v2\/pages\/2030\/revisions"}],"predecessor-version":[{"id":2039,"href":"https:\/\/silkem.si\/de\/wp-json\/wp\/v2\/pages\/2030\/revisions\/2039"}],"wp:attachment":[{"href":"https:\/\/silkem.si\/de\/wp-json\/wp\/v2\/media?parent=2030"}],"curies":[{"name":"wp","href":"https:\/\/api.w.org\/{rel}","templated":true}]}}