{"id":2003,"date":"2025-06-06T11:51:34","date_gmt":"2025-06-06T09:51:34","guid":{"rendered":"https:\/\/silkem.si\/applications\/"},"modified":"2025-12-10T12:27:37","modified_gmt":"2025-12-10T11:27:37","slug":"anwendungsbereiche","status":"publish","type":"page","link":"https:\/\/silkem.si\/de\/anwendungsbereiche\/","title":{"rendered":"Anwendungsbereiche"},"content":{"rendered":"\t\t<div data-elementor-type=\"wp-page\" data-elementor-id=\"2003\" class=\"elementor elementor-2003 elementor-644\">\n\t\t\t\t\t\t<div class=\"elementor-section elementor-top-section elementor-element elementor-element-679ab83 ts-col-stretched-none ts-bg-color-over-image elementor-section-boxed elementor-section-height-default elementor-section-height-default\" data-id=\"679ab83\" data-element_type=\"section\" data-e-type=\"section\">\n\t\t\t\t\t\t<div class=\"elementor-container elementor-column-gap-no\">\n\t\t\t\t\t<div class=\"elementor-column elementor-col-100 elementor-top-column elementor-element elementor-element-0af8a4f ts-bg-color-over-image\" data-id=\"0af8a4f\" data-element_type=\"column\" data-e-type=\"column\">\n\t\t\t<div class=\"elementor-widget-wrap elementor-element-populated\">\n\t\t\t\t\t\t<div class=\"elementor-element elementor-element-42fd0cc ts-align-center elementor-widget elementor-widget-ts_heading\" data-id=\"42fd0cc\" data-element_type=\"widget\" data-e-type=\"widget\" data-widget_type=\"ts_heading.default\">\n\t\t\t\t<div class=\"elementor-widget-container\">\n\t\t\t\t\t\t<div class=\"ts-heading-subheading  animation-style4\"><div class=\"ts-heading-desc\">Die kontinuierliche Verbesserungen und Entwicklung neuer Produkte in Zusammenarbeit mit den Kunden erm\u00f6glichen die Erweiterung der Anwendungsbereiche unserer Produkte. Die Angebotsflexibilit\u00e4t von speziellen Materialien ist ein wesentlicher strategischer Unternehmensvorteil.<\/div><\/div>\t\t\t\t<\/div>\n\t\t\t\t<\/div>\n\t\t\t\t<div class=\"elementor-element elementor-element-9b09583 elementor-widget elementor-widget-text-editor\" data-id=\"9b09583\" data-element_type=\"widget\" data-e-type=\"widget\" data-widget_type=\"text-editor.default\">\n\t\t\t\t<div class=\"elementor-widget-container\">\n\t\t\t\t\t\t\t\t\t<p>Die hohe Qualit\u00e4t und die chemischen und physikalischen Eigenschaften der Produkte basieren auf hocheffizienten Produktionsprozessesen, die das Ergebnis unseres eigenen Wissens sind. Bei der Herstellung werden die wachsenden Anforderungen an Energieeffizienz und Umweltschutz erf\u00fcllt.<\/p>\t\t\t\t\t\t\t\t<\/div>\n\t\t\t\t<\/div>\n\t\t\t\t<div class=\"elementor-element elementor-element-cfecef3 ts-align-left elementor-widget elementor-widget-ts_portfolio_element\" data-id=\"cfecef3\" data-element_type=\"widget\" data-e-type=\"widget\" data-widget_type=\"ts_portfolio_element.default\">\n\t\t\t\t<div class=\"elementor-widget-container\">\n\t\t\t\t\t\r\n\t\t<div class=\"themestek-boxes themestek-boxes-portfolio themestek-boxes-element-portfolio-style-1 themestek-boxes-view-default themestek-boxes-col-three themestek-boxes-sortable- themestek-boxes-textalign-left themestek-boxes-sortablebutton- themestek-boxes-spacing-default\">\r\n\t\t<div class=\"themestek-boxes-inner themestek-boxes-portfolio-inner \">\t<div class=\"ts-heading-subheading \"><\/div>\r\n\t\t\t\r\n\t\t\t<div class=\"row multi-columns-row themestek-boxes-row-wrapper\">\r\n\t\t\t\t<div class=\"ts-box-col-wrapper col-lg-4 col-sm-6 col-md-4 col-xs-12 \"><article class=\"themestek-box themestek-box-portfolio ts-portfoliobox-style-1 ts-hover-style-2\">\r\n\t<div class=\"themestek-post-item\">\r\n\t\t\r\n\t\t<span class=\"themestek-item-thumbnail\">\r\n\t\t\t<span class=\"themestek-item-thumbnail-inner\">\r\n\t\t\t\t<img fetchpriority=\"high\" decoding=\"async\" width=\"800\" height=\"600\" src=\"https:\/\/silkem.si\/wp-content\/uploads\/2025\/06\/silkem-refractory-800x600.webp\" class=\"attachment-themestek-img-800x650 size-themestek-img-800x650 wp-post-image\" alt=\"\" \/>\r\n\t\t\t<\/span>\r\n\t\t<\/span>\t\t<div class=\"themestek-box-content\">\r\n            <div class=\"themestek-box-content-inner\">\t\t\t  \r\n\t\t\t\t\r\n\t\t\t\t<div class=\"themestek-pf-box-title\">\r\n\t\t\t\t\t<div class=\"themestek-box-category\"><\/div>\r\n\t\t\t\t\t<h3><a title=\"Feuerfeste Materialien\" href=\"https:\/\/silkem.si\/de\/anwendungsbereich\/feuerfeste-materialien\/\">Feuerfeste Materialien<\/a><\/h3>\t\t\t\t\t\r\n\t\t\t\t<\/div>\r\n\r\n\t\t\t\t \t\t\t\t\t<div class=\"themestek-box-desc\">\r\n\t\t\t\t\t\t<p>Silkem bietet eine breite Palette von Produkten f\u00fcr die Feuerfestindustrie. Neben den verschiedenen Arten von kalzinierter Tonerde SALOX<sup>\u00ae<\/sup> und Tabulartonerde ALFA TAB<sup>\u00ae<\/sup>, umfasst das Sortiment auch Sinterspinelle SP67, SP78 und SP90. Dar\u00fcber hinaus produziert Silkem unter der Marke DRYSIL<sup>\u00ae<\/sup> getrocknete Silikate.<\/p>\n<p><a class=\"product-link\" href=\"https:\/\/silkem.si\/de\/produkt\/tabulartonerde\/\">&gt; TABULARTONERDE<\/a><br \/>\n<a class=\"product-link\" href=\"https:\/\/silkem.si\/de\/produkt\/kalzinierte-tonerde\/\">&gt; KALZINIERTE TONERDE<\/a><br \/>\n<a class=\"product-link\" href=\"https:\/\/silkem.si\/de\/produkt\/sinterspinelle\/\">&gt; SINTERSPINELLE<\/a><br \/>\n<a class=\"product-link\" href=\"https:\/\/silkem.si\/de\/produkt\/boehmite\/\">&gt; B\u00d6HMITE<\/a><br \/>\n<a class=\"product-link\" href=\"https:\/\/silkem.si\/de\/produkt\/granulate\/\">&gt; GETROCKNETE SILIKATE DRYSIL<sup>\u00ae<\/sup><\/a><\/p>\n\t\t\t\t\t<\/div>\r\n\t\t\t\t  \r\n\t\t\t<\/div>\t\t\r\n\t\t<\/div>\r\n\t<\/div>\r\n<\/article><\/div><div class=\"ts-box-col-wrapper col-lg-4 col-sm-6 col-md-4 col-xs-12 \"><article class=\"themestek-box themestek-box-portfolio ts-portfoliobox-style-1 ts-hover-style-2\">\r\n\t<div class=\"themestek-post-item\">\r\n\t\t\r\n\t\t<span class=\"themestek-item-thumbnail\">\r\n\t\t\t<span class=\"themestek-item-thumbnail-inner\">\r\n\t\t\t\t<img decoding=\"async\" width=\"800\" height=\"600\" src=\"https:\/\/silkem.si\/wp-content\/uploads\/2025\/07\/Detergents-2.webp\" class=\"attachment-themestek-img-800x650 size-themestek-img-800x650 wp-post-image\" alt=\"\" \/>\r\n\t\t\t<\/span>\r\n\t\t<\/span>\t\t<div class=\"themestek-box-content\">\r\n            <div class=\"themestek-box-content-inner\">\t\t\t  \r\n\t\t\t\t\r\n\t\t\t\t<div class=\"themestek-pf-box-title\">\r\n\t\t\t\t\t<div class=\"themestek-box-category\"><\/div>\r\n\t\t\t\t\t<h3><a title=\"Waschmittel\" href=\"https:\/\/silkem.si\/de\/anwendungsbereich\/waschmittel\/\">Waschmittel<\/a><\/h3>\t\t\t\t\t\r\n\t\t\t\t<\/div>\r\n\r\n\t\t\t\t \t\t\t\t\t<div class=\"themestek-box-desc\">\r\n\t\t\t\t\t\t<p>Zeolithe und getrocknete Disilikate werden in einem Trockenmischverfahren zur Herstellung von Waschpulver verwendet. Silkem bietet f\u00fcr diesen Prozess kompakte Granulate (Vormischungen und Zeolithverbindungen) und getrocknete Silikate DRYSIL<sup>\u00ae<\/sup> in verschiedenen Sch\u00fcttgewichten an.<\/p>\n<p><a class=\"product-link\" href=\"https:\/\/silkem.si\/de\/produkt\/zeolithe\/\">&gt; ZEOLITHE<\/a><br \/>\n<a class=\"product-link\" href=\"https:\/\/silkem.si\/de\/produkt\/silikate\/\">&gt; SILIKATE<\/a><br \/>\n<a class=\"product-link\" href=\"https:\/\/silkem.si\/de\/produkt\/granulate\/\">&gt; PREMIXE<\/a><br \/>\n<a class=\"product-link\" href=\"https:\/\/silkem.si\/de\/produkt\/granulate\/\">&gt; ZEOLITH-COMPOUNDS<\/a><br \/>\n<a class=\"product-link\" href=\"https:\/\/silkem.si\/de\/produkt\/granulate\/\">&gt; GETROCKNETE SILIKATE DRYSIL<sup>\u00ae<\/sup><\/a><\/p>\n\t\t\t\t\t<\/div>\r\n\t\t\t\t  \r\n\t\t\t<\/div>\t\t\r\n\t\t<\/div>\r\n\t<\/div>\r\n<\/article><\/div><div class=\"ts-box-col-wrapper col-lg-4 col-sm-6 col-md-4 col-xs-12 \"><article class=\"themestek-box themestek-box-portfolio ts-portfoliobox-style-1 ts-hover-style-2\">\r\n\t<div class=\"themestek-post-item\">\r\n\t\t\r\n\t\t<span class=\"themestek-item-thumbnail\">\r\n\t\t\t<span class=\"themestek-item-thumbnail-inner\">\r\n\t\t\t\t<img decoding=\"async\" width=\"800\" height=\"600\" src=\"https:\/\/silkem.si\/wp-content\/uploads\/2025\/07\/PVC-Stabilizers-1.webp\" class=\"attachment-themestek-img-800x650 size-themestek-img-800x650 wp-post-image\" alt=\"\" \/>\r\n\t\t\t<\/span>\r\n\t\t<\/span>\t\t<div class=\"themestek-box-content\">\r\n            <div class=\"themestek-box-content-inner\">\t\t\t  \r\n\t\t\t\t\r\n\t\t\t\t<div class=\"themestek-pf-box-title\">\r\n\t\t\t\t\t<div class=\"themestek-box-category\"><\/div>\r\n\t\t\t\t\t<h3><a title=\"PVC-Stabilisatoren\" href=\"https:\/\/silkem.si\/de\/anwendungsbereich\/pvc-stabilisatoren\/\">PVC-Stabilisatoren<\/a><\/h3>\t\t\t\t\t\r\n\t\t\t\t<\/div>\r\n\r\n\t\t\t\t \t\t\t\t\t<div class=\"themestek-box-desc\">\r\n\t\t\t\t\t\t<p>Eine wichtige Anwendung von Zeolith 4A ist die Herstellung von PVC-Materialien. Zus\u00e4tzlich zum Standard-Zeolith ZP-4A f\u00fcr die Herstellung von PVC-W\u00e4rmestabilisatoren hat Silkem einen Zeolith entwickelt, der frei von groben Partikeln und Verunreinigungen ist .<\/p>\n<p><a class=\"product-link\" href=\"https:\/\/silkem.si\/de\/produkt\/zeolithe\/\">&gt; ZEOLITHE<\/a><\/p>\n\t\t\t\t\t<\/div>\r\n\t\t\t\t  \r\n\t\t\t<\/div>\t\t\r\n\t\t<\/div>\r\n\t<\/div>\r\n<\/article><\/div><div class=\"ts-box-col-wrapper col-lg-4 col-sm-6 col-md-4 col-xs-12 \"><article class=\"themestek-box themestek-box-portfolio ts-portfoliobox-style-1 ts-hover-style-2\">\r\n\t<div class=\"themestek-post-item\">\r\n\t\t\r\n\t\t<span class=\"themestek-item-thumbnail\">\r\n\t\t\t<span class=\"themestek-item-thumbnail-inner\">\r\n\t\t\t\t<img loading=\"lazy\" decoding=\"async\" width=\"800\" height=\"600\" src=\"https:\/\/silkem.si\/wp-content\/uploads\/2025\/07\/Ceramic-2.webp\" class=\"attachment-themestek-img-800x650 size-themestek-img-800x650 wp-post-image\" alt=\"\" \/>\r\n\t\t\t<\/span>\r\n\t\t<\/span>\t\t<div class=\"themestek-box-content\">\r\n            <div class=\"themestek-box-content-inner\">\t\t\t  \r\n\t\t\t\t\r\n\t\t\t\t<div class=\"themestek-pf-box-title\">\r\n\t\t\t\t\t<div class=\"themestek-box-category\"><\/div>\r\n\t\t\t\t\t<h3><a title=\"Keramik\" href=\"https:\/\/silkem.si\/de\/anwendungsbereich\/keramik\/\">Keramik<\/a><\/h3>\t\t\t\t\t\r\n\t\t\t\t<\/div>\r\n\r\n\t\t\t\t \t\t\t\t\t<div class=\"themestek-box-desc\">\r\n\t\t\t\t\t\t<p>Silkem wendet spezielle thermische und mechanische Verfahren zur Behandlung von Aluminiumoxiden an, um eine breite Palette von Spezialaluminiumoxiden herzustellen, die in der Produktion von technischen und Haushaltskeramiken, Glasuren und Fritten verwendet werden.<\/p>\n<p><a class=\"product-link\" href=\"https:\/\/silkem.si\/de\/produkt\/kalzinierte-tonerde\/\">&gt; KALZINIERTE TONERDE<\/a><br \/>\n<a class=\"product-link\" href=\"https:\/\/silkem.si\/de\/produkt\/tabulartonerde\/\">&gt; TABULARTONERDE<\/a><br \/>\n<a class=\"product-link\" href=\"https:\/\/silkem.si\/de\/produkt\/silikate\/\">&gt; SILIKATE<\/a><br \/>\n<a class=\"product-link\" href=\"https:\/\/silkem.si\/de\/produkt\/boehmite\/\">&gt; B\u00d6HMITE<\/a><\/p>\n\t\t\t\t\t<\/div>\r\n\t\t\t\t  \r\n\t\t\t<\/div>\t\t\r\n\t\t<\/div>\r\n\t<\/div>\r\n<\/article><\/div><div class=\"ts-box-col-wrapper col-lg-4 col-sm-6 col-md-4 col-xs-12 \"><article class=\"themestek-box themestek-box-portfolio ts-portfoliobox-style-1 ts-hover-style-2\">\r\n\t<div class=\"themestek-post-item\">\r\n\t\t\r\n\t\t<span class=\"themestek-item-thumbnail\">\r\n\t\t\t<span class=\"themestek-item-thumbnail-inner\">\r\n\t\t\t\t<img loading=\"lazy\" decoding=\"async\" width=\"800\" height=\"600\" src=\"https:\/\/silkem.si\/wp-content\/uploads\/2025\/07\/silkem-polyurethane-2.webp\" class=\"attachment-themestek-img-800x650 size-themestek-img-800x650 wp-post-image\" alt=\"\" \/>\r\n\t\t\t<\/span>\r\n\t\t<\/span>\t\t<div class=\"themestek-box-content\">\r\n            <div class=\"themestek-box-content-inner\">\t\t\t  \r\n\t\t\t\t\r\n\t\t\t\t<div class=\"themestek-pf-box-title\">\r\n\t\t\t\t\t<div class=\"themestek-box-category\"><\/div>\r\n\t\t\t\t\t<h3><a title=\"Polyurethane\" href=\"https:\/\/silkem.si\/de\/anwendungsbereich\/polyurethane\/\">Polyurethane<\/a><\/h3>\t\t\t\t\t\r\n\t\t\t\t<\/div>\r\n\r\n\t\t\t\t \t\t\t\t\t<div class=\"themestek-box-desc\">\r\n\t\t\t\t\t\t<p>Zeolithaktivierte Pulver Asorbio<sup>\u00ae<\/sup> ZAP werden als Molekularsiebe zur Entfernung von Feuchtigkeit bei der Herstellung von Polyurethanprodukten (Polyurethan-Dichtstoffe, Sohlen, Beschichtungen, Bodenbel\u00e4ge usw.) eingesetzt, bei denen das Eindringen von Wassermolek\u00fclen negative Auswirkungen haben kann.<\/p>\n<p><a class=\"product-link\" href=\"https:\/\/silkem.si\/de\/produkt\/aktivierte-zeolithe\/\">&gt; ASORBIO<sup>\u00ae<\/sup> ZAP<\/a><\/p>\n\t\t\t\t\t<\/div>\r\n\t\t\t\t  \r\n\t\t\t<\/div>\t\t\r\n\t\t<\/div>\r\n\t<\/div>\r\n<\/article><\/div><div class=\"ts-box-col-wrapper col-lg-4 col-sm-6 col-md-4 col-xs-12 \"><article class=\"themestek-box themestek-box-portfolio ts-portfoliobox-style-1 ts-hover-style-2\">\r\n\t<div class=\"themestek-post-item\">\r\n\t\t\r\n\t\t<span class=\"themestek-item-thumbnail\">\r\n\t\t\t<span class=\"themestek-item-thumbnail-inner\">\r\n\t\t\t\t<img loading=\"lazy\" decoding=\"async\" width=\"800\" height=\"600\" src=\"https:\/\/silkem.si\/wp-content\/uploads\/2025\/07\/Catalysts-2.webp\" class=\"attachment-themestek-img-800x650 size-themestek-img-800x650 wp-post-image\" alt=\"\" \/>\r\n\t\t\t<\/span>\r\n\t\t<\/span>\t\t<div class=\"themestek-box-content\">\r\n            <div class=\"themestek-box-content-inner\">\t\t\t  \r\n\t\t\t\t\r\n\t\t\t\t<div class=\"themestek-pf-box-title\">\r\n\t\t\t\t\t<div class=\"themestek-box-category\"><\/div>\r\n\t\t\t\t\t<h3><a title=\"Katalysatoren\" href=\"https:\/\/silkem.si\/de\/anwendungsbereich\/katalysatoren\/\">Katalysatoren<\/a><\/h3>\t\t\t\t\t\r\n\t\t\t\t<\/div>\r\n\r\n\t\t\t\t \t\t\t\t\t<div class=\"themestek-box-desc\">\r\n\t\t\t\t\t\t<p>Unsere intensive Arbeit an der Verbesserung bestehender und der Entwicklung neuer Produkte hat zu neuen Anwendungsm\u00f6glichkeiten gef\u00fchrt, unter anderem in der Katalysatorindustrie. Zu diesem Zweck hat Silkem spezielle B\u00f6hmite SIBOM<sup>\u00ae<\/sup> und das zeolithaktivierte Granulat Asorbio\u00ae ZAG entwickelt.<\/p>\n<p><a class=\"product-link\" href=\"https:\/\/silkem.si\/de\/produkt\/boehmite\/\">&gt; B\u00d6HMITE<\/a><br \/>\n<a class=\"product-link\" href=\"https:\/\/silkem.si\/de\/produkt\/aktivierte-zeolithe\/\">&gt; ASORBIO<sup>\u00ae<\/sup> ZAG<\/a><\/p>\n\t\t\t\t\t<\/div>\r\n\t\t\t\t  \r\n\t\t\t<\/div>\t\t\r\n\t\t<\/div>\r\n\t<\/div>\r\n<\/article><\/div>\r\n\t\t\t<\/div>\r\n\t\t<\/div><!-- .themestek-boxes-inner -->   <\/div><!-- .themestek-boxes -->  \t\t\t\t<\/div>\n\t\t\t\t<\/div>\n\t\t\t\t\t<\/div>\n\t\t<\/div>\n\t\t\t\t\t<\/div>\n\t\t<\/div>\n\t\t\t\t<\/div>\n\t\t","protected":false},"excerpt":{"rendered":"<p>Die kontinuierliche Verbesserungen und Entwicklung neuer Produkte in Zusammenarbeit mit den Kunden erm\u00f6glichen die Erweiterung der Anwendungsbereiche unserer Produkte. Die Angebotsflexibilit\u00e4t von speziellen Materialien ist ein wesentlicher strategischer Unternehmensvorteil. Die hohe Qualit\u00e4t und die chemischen und physikalischen Eigenschaften der Produkte basieren auf hocheffizienten Produktionsprozessesen, die das Ergebnis unseres eigenen Wissens sind. Bei der Herstellung werden &hellip; <a href=\"https:\/\/silkem.si\/de\/anwendungsbereich\/katalysatoren\/\" class=\"more-link\" title=\"Continue reading <span class=\"screen-reader-text\">Katalysatoren<\/span>&#8222;>Continue reading <span class=\"screen-reader-text\">Katalysatoren<\/span><\/a><\/p>\n","protected":false},"author":1,"featured_media":0,"parent":0,"menu_order":24,"comment_status":"closed","ping_status":"closed","template":"","meta":{"footnotes":""},"class_list":["post-2003","page","type-page","status-publish","hentry"],"_links":{"self":[{"href":"https:\/\/silkem.si\/de\/wp-json\/wp\/v2\/pages\/2003","targetHints":{"allow":["GET"]}}],"collection":[{"href":"https:\/\/silkem.si\/de\/wp-json\/wp\/v2\/pages"}],"about":[{"href":"https:\/\/silkem.si\/de\/wp-json\/wp\/v2\/types\/page"}],"author":[{"embeddable":true,"href":"https:\/\/silkem.si\/de\/wp-json\/wp\/v2\/users\/1"}],"replies":[{"embeddable":true,"href":"https:\/\/silkem.si\/de\/wp-json\/wp\/v2\/comments?post=2003"}],"version-history":[{"count":5,"href":"https:\/\/silkem.si\/de\/wp-json\/wp\/v2\/pages\/2003\/revisions"}],"predecessor-version":[{"id":2489,"href":"https:\/\/silkem.si\/de\/wp-json\/wp\/v2\/pages\/2003\/revisions\/2489"}],"wp:attachment":[{"href":"https:\/\/silkem.si\/de\/wp-json\/wp\/v2\/media?parent=2003"}],"curies":[{"name":"wp","href":"https:\/\/api.w.org\/{rel}","templated":true}]}}