{"id":1993,"date":"2018-08-03T08:44:05","date_gmt":"2018-08-03T06:44:05","guid":{"rendered":"https:\/\/silkem.si\/products\/"},"modified":"2025-12-10T12:29:06","modified_gmt":"2025-12-10T11:29:06","slug":"produkte","status":"publish","type":"page","link":"https:\/\/silkem.si\/de\/produkte\/","title":{"rendered":"Produkte"},"content":{"rendered":"\t\t<div data-elementor-type=\"wp-page\" data-elementor-id=\"1993\" class=\"elementor elementor-1993 elementor-86\">\n\t\t\t\t\t\t<div class=\"elementor-section elementor-top-section elementor-element elementor-element-679ab83 ts-col-stretched-none ts-bg-color-over-image elementor-section-boxed elementor-section-height-default elementor-section-height-default\" data-id=\"679ab83\" data-element_type=\"section\" data-e-type=\"section\">\n\t\t\t\t\t\t<div class=\"elementor-container elementor-column-gap-no\">\n\t\t\t\t\t<div class=\"elementor-column elementor-col-100 elementor-top-column elementor-element elementor-element-0af8a4f ts-bg-color-over-image\" data-id=\"0af8a4f\" data-element_type=\"column\" data-e-type=\"column\">\n\t\t\t<div class=\"elementor-widget-wrap elementor-element-populated\">\n\t\t\t\t\t\t<div class=\"elementor-element elementor-element-42fd0cc ts-align-center elementor-widget elementor-widget-ts_heading\" data-id=\"42fd0cc\" data-element_type=\"widget\" data-e-type=\"widget\" data-widget_type=\"ts_heading.default\">\n\t\t\t\t<div class=\"elementor-widget-container\">\n\t\t\t\t\t\t<div class=\"ts-heading-subheading  animation-style4\"><div class=\"ts-heading-desc\">Die hohe Qualit\u00e4t und die chemischen und physikalischen Eigenschaften der Produkte basieren auf hocheffizienten Produktionsprozessen, die das Ergebnis unseres eigenen Wissens sind. Bei der Herstellung werden die wachsenden Anforderungen an Energieeffizienz und Umweltschutz erf\u00fcllt.<\/div><\/div>\t\t\t\t<\/div>\n\t\t\t\t<\/div>\n\t\t\t\t<div class=\"elementor-element elementor-element-9b09583 elementor-widget elementor-widget-text-editor\" data-id=\"9b09583\" data-element_type=\"widget\" data-e-type=\"widget\" data-widget_type=\"text-editor.default\">\n\t\t\t\t<div class=\"elementor-widget-container\">\n\t\t\t\t\t\t\t\t\t<p>Die Flexibilit\u00e4t und dynamische F\u00e4higkeit sich den qualitativen und logistischen Bed\u00fcrfnissen der Kunden anzupassen sind die strategischen Vorteile und ein wichtiger Teil der Entwicklungsstrategie von Silkem. Die enge Zusammenarbeit mit den Kunden und die eigene Entwicklung von neuen Produkten erm\u00f6glichen die kontinuierliche Expansion und Spezialisierung des Produktionsprogramms.<\/p>\t\t\t\t\t\t\t\t<\/div>\n\t\t\t\t<\/div>\n\t\t\t\t<div class=\"elementor-element elementor-element-7513521 elementor-widget elementor-widget-ts_service_element\" data-id=\"7513521\" data-element_type=\"widget\" data-e-type=\"widget\" data-widget_type=\"ts_service_element.default\">\n\t\t\t\t<div class=\"elementor-widget-container\">\n\t\t\t\t\t<div class=\"themestek-boxes themestek-boxes-service themestek-boxes-element-service-style-1 themestek-boxes-view-default themestek-boxes-col-three themestek-boxes-sortable- themestek-boxes-textalign-left themestek-boxes-sortablebutton- themestek-boxes-spacing-default\">\r\n\t\t<div class=\"themestek-boxes-inner themestek-boxes-service-inner \">\t<div class=\"ts-heading-subheading \"><\/div>\r\n\t\t\t\r\n\t\t\t<div class=\"row multi-columns-row themestek-boxes-row-wrapper\">\r\n\t\t\t\t<div class=\"ts-box-col-wrapper col-lg-4 col-sm-6 col-md-4 col-xs-12 \"><article class=\"themestek-box themestek-box-service ts-servicebox-style-1\">\r\n\t<div class=\"themestek-post-item\">\r\n\t\t<div class=\"ts-featured-wrapper ts-ts-service-featured-wrapper\"><img fetchpriority=\"high\" decoding=\"async\" width=\"1200\" height=\"800\" src=\"https:\/\/silkem.si\/wp-content\/uploads\/2018\/08\/tabular-alumina.jpg\" class=\"attachment-themestek-img-800x700 size-themestek-img-800x700 wp-post-image\" alt=\"\" \/><\/div>\t\t<div class=\"themestek-box-content\">\r\n            <div class=\"themestek-box-content-inner\">\t\t\t  \r\n\t\t\t\t\r\n\t\t\t\t<div class=\"themestek-pf-box-title\">\r\n\t\t\t\t\t<div class=\"themestek-box-category\"><\/div>\r\n\t\t\t\t\t<h3><a title=\"Tabulartonerde\" href=\"https:\/\/silkem.si\/de\/produkt\/tabulartonerde\/\">Tabulartonerde<\/a><\/h3>\t\t\t\t\t\r\n\t\t\t\t<\/div>\r\n\r\n\t\t\t\t \t\t\t\t\t<div class=\"themestek-box-desc\">\r\n\t\t\t\t\t\t<p>Tabulartonerde ALFA TAB<sup>\u00ae<\/sup> ist ein Alpha (\u03b1)-Aluminiumoxid (\u03b1-Al<sub>2<\/sub>O<sub>3<\/sub>), das durch Sintern von speziell pr\u00e4parierter kalzinierter Tonerde gewonnen wird. Es besteht aus gro\u00dfen, gut definierten \u03b1-Al<sub>2<\/sub>O<sub>3<\/sub>-Kristallen mit einer l\u00e4nglichen, hexagonalen tabletten\u00e4hnlichen Form, daher der Name Tabulartonerde.<\/p>\n<p><a class=\"product-link\" href=\"https:\/\/silkem.si\/sl\/produkt\/tabularne-glinice\/\">&gt; Produktbeschreibung<\/a><br \/>\n<a class=\"product-link\" href=\"https:\/\/silkem.si\/sl\/produkt\/tabularne-glinice\/#anwendungsbereiche\">&gt; Anwendungsbereiche<\/a><br \/>\n<a class=\"product-link\" href=\"https:\/\/silkem.si\/sl\/produkt\/tabularne-glinice\/#produkte\">&gt; Produkte<\/a><\/p>\n\t\t\t\t\t<\/div>\r\n\t\t\t\t  \r\n\t\t\t<\/div>\t\t\r\n\t\t<\/div>\r\n\t<\/div>\r\n<\/article><\/div><div class=\"ts-box-col-wrapper col-lg-4 col-sm-6 col-md-4 col-xs-12 \"><article class=\"themestek-box themestek-box-service ts-servicebox-style-1\">\r\n\t<div class=\"themestek-post-item\">\r\n\t\t<div class=\"ts-featured-wrapper ts-ts-service-featured-wrapper\"><img decoding=\"async\" width=\"1200\" height=\"800\" src=\"https:\/\/silkem.si\/wp-content\/uploads\/2018\/08\/calcined-alumina.jpg\" class=\"attachment-themestek-img-800x700 size-themestek-img-800x700 wp-post-image\" alt=\"\" \/><\/div>\t\t<div class=\"themestek-box-content\">\r\n            <div class=\"themestek-box-content-inner\">\t\t\t  \r\n\t\t\t\t\r\n\t\t\t\t<div class=\"themestek-pf-box-title\">\r\n\t\t\t\t\t<div class=\"themestek-box-category\"><\/div>\r\n\t\t\t\t\t<h3><a title=\"Kalzinierte Tonerde\" href=\"https:\/\/silkem.si\/de\/produkt\/kalzinierte-tonerde\/\">Kalzinierte Tonerde<\/a><\/h3>\t\t\t\t\t\r\n\t\t\t\t<\/div>\r\n\r\n\t\t\t\t \t\t\t\t\t<div class=\"themestek-box-desc\">\r\n\t\t\t\t\t\t<p>Kalzinierte Tonerde ist ein Aluminiumoxid (Al<sub>2<\/sub>O<sub>3<\/sub>), das bei hohen Temperaturen thermisch behandelt wurde, um gebundene Feuchtigkeit und Hydroxylgruppen zu entfernen.<\/p>\n<p><a class=\"product-link\" href=\"https:\/\/silkem.si\/de\/produkt\/kalzinierte-tonerde\/\">&gt; Produktbeschreibung<\/a><br \/>\n<a class=\"product-link\" href=\"https:\/\/silkem.si\/de\/produkt\/kalzinierte-tonerde\/#anwendungsbereiche\">&gt; Anwendungsbereiche<\/a><br \/>\n<a class=\"product-link\" href=\"https:\/\/silkem.si\/de\/produkt\/kalzinierte-tonerde\/#produkte\">&gt; Produkte<\/a><\/p>\n\t\t\t\t\t<\/div>\r\n\t\t\t\t  \r\n\t\t\t<\/div>\t\t\r\n\t\t<\/div>\r\n\t<\/div>\r\n<\/article><\/div><div class=\"ts-box-col-wrapper col-lg-4 col-sm-6 col-md-4 col-xs-12 \"><article class=\"themestek-box themestek-box-service ts-servicebox-style-1\">\r\n\t<div class=\"themestek-post-item\">\r\n\t\t<div class=\"ts-featured-wrapper ts-ts-service-featured-wrapper\"><img decoding=\"async\" width=\"1200\" height=\"800\" src=\"https:\/\/silkem.si\/wp-content\/uploads\/2023\/11\/sintered-spinels.jpg\" class=\"attachment-themestek-img-800x700 size-themestek-img-800x700 wp-post-image\" alt=\"\" \/><\/div>\t\t<div class=\"themestek-box-content\">\r\n            <div class=\"themestek-box-content-inner\">\t\t\t  \r\n\t\t\t\t\r\n\t\t\t\t<div class=\"themestek-pf-box-title\">\r\n\t\t\t\t\t<div class=\"themestek-box-category\"><\/div>\r\n\t\t\t\t\t<h3><a title=\"Sinterspinelle\" href=\"https:\/\/silkem.si\/de\/produkt\/sinterspinelle\/\">Sinterspinelle<\/a><\/h3>\t\t\t\t\t\r\n\t\t\t\t<\/div>\r\n\r\n\t\t\t\t \t\t\t\t\t<div class=\"themestek-box-desc\">\r\n\t\t\t\t\t\t<p>Sinterspinell ist ein Aluminiumoxid-Magnesiumoxid-Verbundwerkstoff mit der chemischen Formel MgAl<sub>2<\/sub>O<sub>4<\/sub>, die f\u00fcr alle Spinellgruppen charakteristisch ist.<\/p>\n<p><a class=\"product-link\" href=\"https:\/\/silkem.si\/de\/produkt\/sinterspinelle\/\">&gt; Produktbeschreibung<\/a><br \/>\n<a class=\"product-link\" href=\"https:\/\/silkem.si\/de\/produkt\/sinterspinelle\/#anwendungsbereiche\">&gt; Anwendungsbereiche<\/a><br \/>\n<a class=\"product-link\" href=\"https:\/\/silkem.si\/de\/produkt\/sinterspinelle\/#produkte\">&gt; Produkte<\/a><\/p>\n\t\t\t\t\t<\/div>\r\n\t\t\t\t  \r\n\t\t\t<\/div>\t\t\r\n\t\t<\/div>\r\n\t<\/div>\r\n<\/article><\/div><div class=\"ts-box-col-wrapper col-lg-4 col-sm-6 col-md-4 col-xs-12 \"><article class=\"themestek-box themestek-box-service ts-servicebox-style-1\">\r\n\t<div class=\"themestek-post-item\">\r\n\t\t<div class=\"ts-featured-wrapper ts-ts-service-featured-wrapper\"><img loading=\"lazy\" decoding=\"async\" width=\"1200\" height=\"800\" src=\"https:\/\/silkem.si\/wp-content\/uploads\/2023\/11\/boehmites.jpg\" class=\"attachment-themestek-img-800x700 size-themestek-img-800x700 wp-post-image\" alt=\"\" \/><\/div>\t\t<div class=\"themestek-box-content\">\r\n            <div class=\"themestek-box-content-inner\">\t\t\t  \r\n\t\t\t\t\r\n\t\t\t\t<div class=\"themestek-pf-box-title\">\r\n\t\t\t\t\t<div class=\"themestek-box-category\"><\/div>\r\n\t\t\t\t\t<h3><a title=\"B\u00f6hmite\" href=\"https:\/\/silkem.si\/de\/produkt\/boehmite\/\">B\u00f6hmite<\/a><\/h3>\t\t\t\t\t\r\n\t\t\t\t<\/div>\r\n\r\n\t\t\t\t \t\t\t\t\t<div class=\"themestek-box-desc\">\r\n\t\t\t\t\t\t<p>B\u00f6hmit ist ein hoch thermostabiles Aluminiumoxidhydroxid. Synthetische B\u00f6hmit-Produkte SIBOM<sup>\u00ae<\/sup> entstehen durch hydrothermale Alterung von Aluminiumhydroxid oder Gibbsit. SIBOM<sup>\u00ae<\/sup> ist ein vollkristallines (99 %) B\u00f6hmit mit geringem Verunreinigungsgrad.<\/p>\n<p><a class=\"product-link\" href=\"https:\/\/silkem.si\/de\/produkt\/boehmite\/\">&gt; Produktbeschreibung<\/a><br \/>\n<a class=\"product-link\" href=\"https:\/\/silkem.si\/de\/produkt\/boehmite\/#anwendungsbereiche\">&gt; Anwendungsbereiche<\/a><br \/>\n<a class=\"product-link\" href=\"https:\/\/silkem.si\/de\/produkt\/boehmite\/#produkte\">&gt; Produkte<\/a><\/p>\n\t\t\t\t\t<\/div>\r\n\t\t\t\t  \r\n\t\t\t<\/div>\t\t\r\n\t\t<\/div>\r\n\t<\/div>\r\n<\/article><\/div><div class=\"ts-box-col-wrapper col-lg-4 col-sm-6 col-md-4 col-xs-12 \"><article class=\"themestek-box themestek-box-service ts-servicebox-style-1\">\r\n\t<div class=\"themestek-post-item\">\r\n\t\t<div class=\"ts-featured-wrapper ts-ts-service-featured-wrapper\"><img loading=\"lazy\" decoding=\"async\" width=\"1200\" height=\"800\" src=\"https:\/\/silkem.si\/wp-content\/uploads\/2023\/11\/zeolites.jpg\" class=\"attachment-themestek-img-800x700 size-themestek-img-800x700 wp-post-image\" alt=\"\" \/><\/div>\t\t<div class=\"themestek-box-content\">\r\n            <div class=\"themestek-box-content-inner\">\t\t\t  \r\n\t\t\t\t\r\n\t\t\t\t<div class=\"themestek-pf-box-title\">\r\n\t\t\t\t\t<div class=\"themestek-box-category\"><\/div>\r\n\t\t\t\t\t<h3><a title=\"Zeolithe\" href=\"https:\/\/silkem.si\/de\/produkt\/zeolithe\/\">Zeolithe<\/a><\/h3>\t\t\t\t\t\r\n\t\t\t\t<\/div>\r\n\r\n\t\t\t\t \t\t\t\t\t<div class=\"themestek-box-desc\">\r\n\t\t\t\t\t\t<p>Silkem entwickelt und produziert seit \u00fcber 25 Jahren aktiv Zeolithprodukte. Die Anf\u00e4nge und das Wachstum des Unternehmens sind direkt mit diesen Produkten verbunden. Dank intensiver Entwicklungsarbeit wird das Sortiment kontinuierlich um neue Produktarten erweitert, wodurch sich auch die Anwendungsm\u00f6glichkeiten vervielfachen.<\/p>\n<p><a class=\"product-link\" href=\"https:\/\/silkem.si\/de\/produkt\/zeolithe\/\">&gt; Produktbeschreibung<\/a><br \/>\n<a class=\"product-link\" href=\"https:\/\/silkem.si\/de\/produkt\/zeolithe\/#anwendungsbereiche\">&gt; Anwendungsbereiche<\/a><br \/>\n<a class=\"product-link\" href=\"https:\/\/silkem.si\/de\/produkt\/zeolithe\/#produkte\">&gt; Produkte<\/a><\/p>\n\t\t\t\t\t<\/div>\r\n\t\t\t\t  \r\n\t\t\t<\/div>\t\t\r\n\t\t<\/div>\r\n\t<\/div>\r\n<\/article><\/div><div class=\"ts-box-col-wrapper col-lg-4 col-sm-6 col-md-4 col-xs-12 \"><article class=\"themestek-box themestek-box-service ts-servicebox-style-1\">\r\n\t<div class=\"themestek-post-item\">\r\n\t\t<div class=\"ts-featured-wrapper ts-ts-service-featured-wrapper\"><img loading=\"lazy\" decoding=\"async\" width=\"1200\" height=\"800\" src=\"https:\/\/silkem.si\/wp-content\/uploads\/2023\/11\/activated-zeolites.jpg\" class=\"attachment-themestek-img-800x700 size-themestek-img-800x700 wp-post-image\" alt=\"\" \/><\/div>\t\t<div class=\"themestek-box-content\">\r\n            <div class=\"themestek-box-content-inner\">\t\t\t  \r\n\t\t\t\t\r\n\t\t\t\t<div class=\"themestek-pf-box-title\">\r\n\t\t\t\t\t<div class=\"themestek-box-category\"><\/div>\r\n\t\t\t\t\t<h3><a title=\"Aktivierte Zeolithe\" href=\"https:\/\/silkem.si\/de\/produkt\/aktivierte-zeolithe\/\">Aktivierte Zeolithe<\/a><\/h3>\t\t\t\t\t\r\n\t\t\t\t<\/div>\r\n\r\n\t\t\t\t \t\t\t\t\t<div class=\"themestek-box-desc\">\r\n\t\t\t\t\t\t<p>Dank jahrelanger Erfahrung in der Zeolith-Produktion hat Silkem unter dem Markennamen ASORBIO<sup>\u00ae<\/sup> eine Reihe von aktivierten Zeolithen entwickelt und ist in den Markt f\u00fcr Zeolith-Adsorbentien und Molekularsiebe eingetreten.<\/p>\n<p><a class=\"product-link\" href=\"https:\/\/silkem.si\/de\/produkt\/aktivierte-zeolithe\/\">&gt; Produktbeschreibung<\/a><br \/>\n<a class=\"product-link\" href=\"https:\/\/silkem.si\/de\/produkt\/aktivierte-zeolithe\/#anwendungbereiche\">&gt; Anwendungbereiche<\/a><br \/>\n<a class=\"product-link\" href=\"https:\/\/silkem.si\/de\/produkt\/aktivierte-zeolithe\/#produkte\">&gt; Produkte<\/a><\/p>\n\t\t\t\t\t<\/div>\r\n\t\t\t\t  \r\n\t\t\t<\/div>\t\t\r\n\t\t<\/div>\r\n\t<\/div>\r\n<\/article><\/div><div class=\"ts-box-col-wrapper col-lg-4 col-sm-6 col-md-4 col-xs-12 \"><article class=\"themestek-box themestek-box-service ts-servicebox-style-1\">\r\n\t<div class=\"themestek-post-item\">\r\n\t\t<div class=\"ts-featured-wrapper ts-ts-service-featured-wrapper\"><img loading=\"lazy\" decoding=\"async\" width=\"1200\" height=\"800\" src=\"https:\/\/silkem.si\/wp-content\/uploads\/2023\/11\/granulates.jpg\" class=\"attachment-themestek-img-800x700 size-themestek-img-800x700 wp-post-image\" alt=\"\" \/><\/div>\t\t<div class=\"themestek-box-content\">\r\n            <div class=\"themestek-box-content-inner\">\t\t\t  \r\n\t\t\t\t\r\n\t\t\t\t<div class=\"themestek-pf-box-title\">\r\n\t\t\t\t\t<div class=\"themestek-box-category\"><\/div>\r\n\t\t\t\t\t<h3><a title=\"Granulate\" href=\"https:\/\/silkem.si\/de\/produkt\/granulate\/\">Granulate<\/a><\/h3>\t\t\t\t\t\r\n\t\t\t\t<\/div>\r\n\r\n\t\t\t\t \t\t\t\t\t<div class=\"themestek-box-desc\">\r\n\t\t\t\t\t\t<p>Unser Sortiment an Granulaten umfasst Zeolith-Compounds (ZC) und Vormischungen sowie leicht l\u00f6sliche getrocknete Silikate DRYSIL<sup>\u00ae<\/sup>. Diese werden vor allem in der Herstellung von Waschmitteln eingesetzt.<\/p>\n<p><a class=\"product-link\" href=\"https:\/\/silkem.si\/de\/produkt\/granulate\/\">&gt; Produktbeschreibung<\/a><br \/>\n<a class=\"product-link\" href=\"https:\/\/silkem.si\/de\/produkt\/granulate\/#anwendungbereiche\">&gt; Anwendungbereiche<\/a><br \/>\n<a class=\"product-link\" href=\"https:\/\/silkem.si\/de\/produkt\/granulate\/#produkte\">&gt; Produkte<\/a> <\/p>\n\t\t\t\t\t<\/div>\r\n\t\t\t\t  \r\n\t\t\t<\/div>\t\t\r\n\t\t<\/div>\r\n\t<\/div>\r\n<\/article><\/div><div class=\"ts-box-col-wrapper col-lg-4 col-sm-6 col-md-4 col-xs-12 \"><article class=\"themestek-box themestek-box-service ts-servicebox-style-1\">\r\n\t<div class=\"themestek-post-item\">\r\n\t\t<div class=\"ts-featured-wrapper ts-ts-service-featured-wrapper\"><img loading=\"lazy\" decoding=\"async\" width=\"1200\" height=\"800\" src=\"https:\/\/silkem.si\/wp-content\/uploads\/2023\/11\/silicates.jpg\" class=\"attachment-themestek-img-800x700 size-themestek-img-800x700 wp-post-image\" alt=\"\" \/><\/div>\t\t<div class=\"themestek-box-content\">\r\n            <div class=\"themestek-box-content-inner\">\t\t\t  \r\n\t\t\t\t\r\n\t\t\t\t<div class=\"themestek-pf-box-title\">\r\n\t\t\t\t\t<div class=\"themestek-box-category\"><\/div>\r\n\t\t\t\t\t<h3><a title=\"Silikate\" href=\"https:\/\/silkem.si\/de\/produkt\/silikate\/\">Silikate<\/a><\/h3>\t\t\t\t\t\r\n\t\t\t\t<\/div>\r\n\r\n\t\t\t\t \t\t\t\t\t<div class=\"themestek-box-desc\">\r\n\t\t\t\t\t\t<p>Natriumwasserglas in fl\u00fcssiger Form ist ein Silikatmaterial, das in einer alkalischen Natriuml\u00f6sung gel\u00f6st ist. Es hat die gleichen Eigenschaften wie Glas, ist jedoch aufgrund seiner hohen Alkalit\u00e4t auch wasserl\u00f6slich. Es wird durch Aufl\u00f6sen von Quarzsand oder festen Wasserglaskristallen hergestellt.<\/p>\n<p><a class=\"product-link\" href=\"https:\/\/silkem.si\/de\/produkt\/silikate\/\">&gt; Produktbeschreibung<\/a><br \/>\n<a class=\"product-link\" href=\"https:\/\/silkem.si\/de\/produkt\/silikate\/#anwendungbereiche\">&gt; Anwendungbereiche<\/a><br \/>\n<a class=\"product-link\" href=\"https:\/\/silkem.si\/de\/produkt\/silikate\/#produkte\">&gt; Produkte<\/a><\/p>\n\t\t\t\t\t<\/div>\r\n\t\t\t\t  \r\n\t\t\t<\/div>\t\t\r\n\t\t<\/div>\r\n\t<\/div>\r\n<\/article><\/div>\r\n\t\t\t<\/div>\r\n\t\t<\/div><!-- .themestek-boxes-inner -->   <\/div><!-- .themestek-boxes -->  \t\t\t\t<\/div>\n\t\t\t\t<\/div>\n\t\t\t\t\t<\/div>\n\t\t<\/div>\n\t\t\t\t\t<\/div>\n\t\t<\/div>\n\t\t\t\t<\/div>\n\t\t","protected":false},"excerpt":{"rendered":"<p>Die hohe Qualit\u00e4t und die chemischen und physikalischen Eigenschaften der Produkte basieren auf hocheffizienten Produktionsprozessen, die das Ergebnis unseres eigenen Wissens sind. Bei der Herstellung werden die wachsenden Anforderungen an Energieeffizienz und Umweltschutz erf\u00fcllt. Die Flexibilit\u00e4t und dynamische F\u00e4higkeit sich den qualitativen und logistischen Bed\u00fcrfnissen der Kunden anzupassen sind die strategischen Vorteile und ein wichtiger &hellip; <a href=\"https:\/\/silkem.si\/de\/produkt\/silikate\/\" class=\"more-link\" title=\"Continue reading <span class=\"screen-reader-text\">Silikate<\/span>&#8222;>Continue reading <span class=\"screen-reader-text\">Silikate<\/span><\/a><\/p>\n","protected":false},"author":1,"featured_media":0,"parent":0,"menu_order":24,"comment_status":"closed","ping_status":"closed","template":"","meta":{"footnotes":""},"class_list":["post-1993","page","type-page","status-publish","hentry"],"_links":{"self":[{"href":"https:\/\/silkem.si\/de\/wp-json\/wp\/v2\/pages\/1993","targetHints":{"allow":["GET"]}}],"collection":[{"href":"https:\/\/silkem.si\/de\/wp-json\/wp\/v2\/pages"}],"about":[{"href":"https:\/\/silkem.si\/de\/wp-json\/wp\/v2\/types\/page"}],"author":[{"embeddable":true,"href":"https:\/\/silkem.si\/de\/wp-json\/wp\/v2\/users\/1"}],"replies":[{"embeddable":true,"href":"https:\/\/silkem.si\/de\/wp-json\/wp\/v2\/comments?post=1993"}],"version-history":[{"count":4,"href":"https:\/\/silkem.si\/de\/wp-json\/wp\/v2\/pages\/1993\/revisions"}],"predecessor-version":[{"id":2492,"href":"https:\/\/silkem.si\/de\/wp-json\/wp\/v2\/pages\/1993\/revisions\/2492"}],"wp:attachment":[{"href":"https:\/\/silkem.si\/de\/wp-json\/wp\/v2\/media?parent=1993"}],"curies":[{"name":"wp","href":"https:\/\/api.w.org\/{rel}","templated":true}]}}